{"id":1539,"date":"2023-09-29T12:41:30","date_gmt":"2023-09-29T12:41:30","guid":{"rendered":"http:\/\/regioncinema.com\/?page_id=1539"},"modified":"2023-09-30T19:58:09","modified_gmt":"2023-09-30T19:58:09","slug":"julio-felices-por-siempre","status":"publish","type":"page","link":"https:\/\/regioncinema.com\/en\/julio-felices-por-siempre\/","title":{"rendered":"Julio felices por siempre"},"content":{"rendered":"<div data-elementor-type=\"wp-page\" data-elementor-id=\"1539\" class=\"elementor elementor-1539\">\n\t\t\t\t<div class=\"elementor-element elementor-element-9e1031e e-flex e-con-boxed e-con e-parent\" data-id=\"9e1031e\" data-element_type=\"container\" data-e-type=\"container\">\n\t\t\t\t\t<div class=\"e-con-inner\">\n\t\t\t\t<div class=\"elementor-element elementor-element-0d6f522 elementor-widget elementor-widget-video\" data-id=\"0d6f522\" data-element_type=\"widget\" data-e-type=\"widget\" data-settings=\"{&quot;youtube_url&quot;:&quot;https:\\\/\\\/www.youtube.com\\\/watch?v=jc2vGui9Hqo&amp;t=4s&quot;,&quot;video_type&quot;:&quot;youtube&quot;,&quot;controls&quot;:&quot;yes&quot;}\" data-widget_type=\"video.default\">\n\t\t\t\t<div class=\"elementor-widget-container\">\n\t\t\t\t\t\t\t<div class=\"elementor-wrapper elementor-open-inline\">\n\t\t\t<div class=\"elementor-video\"><\/div>\t\t<\/div>\n\t\t\t\t\t\t<\/div>\n\t\t\t\t<\/div>\n\t\t\t\t\t<\/div>\n\t\t\t\t<\/div>\n\t\t\t\t<section class=\"elementor-section elementor-top-section elementor-element elementor-element-iq0w7pj elementor-section-boxed elementor-section-height-default elementor-section-height-default\" data-id=\"iq0w7pj\" data-element_type=\"section\" data-e-type=\"section\" data-settings=\"{&quot;background_background&quot;:&quot;gradient&quot;}\">\n\t\t\t\t\t\t<div class=\"elementor-container elementor-column-gap-no\">\n\t\t\t\t\t<div class=\"elementor-column elementor-col-100 elementor-top-column elementor-element elementor-element-1ffc931\" data-id=\"1ffc931\" data-element_type=\"column\" data-e-type=\"column\">\n\t\t\t<div class=\"elementor-widget-wrap elementor-element-populated\">\n\t\t\t\t\t\t<section class=\"elementor-section elementor-inner-section elementor-element elementor-element-32618f3 elementor-section-boxed elementor-section-height-default elementor-section-height-default\" data-id=\"32618f3\" data-element_type=\"section\" data-e-type=\"section\">\n\t\t\t\t\t\t<div class=\"elementor-container elementor-column-gap-no\">\n\t\t\t\t\t<div class=\"elementor-column elementor-col-33 elementor-inner-column elementor-element elementor-element-1291223\" data-id=\"1291223\" data-element_type=\"column\" data-e-type=\"column\">\n\t\t\t<div class=\"elementor-widget-wrap elementor-element-populated\">\n\t\t\t\t\t\t<div class=\"elementor-element elementor-element-ba8aed1 elementor-widget elementor-widget-heading\" data-id=\"ba8aed1\" data-element_type=\"widget\" data-e-type=\"widget\" data-widget_type=\"heading.default\">\n\t\t\t\t<div class=\"elementor-widget-container\">\n\t\t\t\t\t<h2 class=\"elementor-heading-title elementor-size-default\">JULY HAPPY FOREVER<\/h2>\t\t\t\t<\/div>\n\t\t\t\t<\/div>\n\t\t\t\t<div class=\"elementor-element elementor-element-65471a1 elementor-widget elementor-widget-text-editor\" data-id=\"65471a1\" data-element_type=\"widget\" data-e-type=\"widget\" data-widget_type=\"text-editor.default\">\n\t\t\t\t<div class=\"elementor-widget-container\">\n\t\t\t\t\t\t\t\t\t<div><b>Production house:\u00a0<\/b>Region Cinema<\/div><div><b>Argentinean:<\/b>\u00a0Rio Cinema<\/div><div><b>Script and direction:\u00a0<\/b>Juan Manuel Sol\u00e9<\/div><div><b>Executive production: <\/b>\u00a0Josephine Recchia and JM. Sol\u00e9<\/div><div><b>CITY:<\/b>\u00a0Anal\u00eda Pollio<\/div><div><strong>Protagonists<\/strong>: Chepe Irisity and Daryna Butryk<\/div><div>\u00a0<\/div><div><b>Gender:\u00a0<\/b>Romantic Comedy<\/div><div><b>Language:<\/b>\u00a0Spanish, English, chinese mandarin<\/div><div><b>Capture format:\u00a0<\/b>Digital cinema 4K and 8K<\/div><div><b>Final format:\u00a0<\/b>4K.<\/div><div><b>Estimated duration:\u00a0<\/b>90 minutes.<\/div>\t\t\t\t\t\t\t\t<\/div>\n\t\t\t\t<\/div>\n\t\t\t\t\t<\/div>\n\t\t<\/div>\n\t\t\t\t<div class=\"elementor-column elementor-col-33 elementor-inner-column elementor-element elementor-element-3e6ad22\" data-id=\"3e6ad22\" data-element_type=\"column\" data-e-type=\"column\">\n\t\t\t<div class=\"elementor-widget-wrap\">\n\t\t\t\t\t\t\t<\/div>\n\t\t<\/div>\n\t\t\t\t<div class=\"elementor-column elementor-col-33 elementor-inner-column elementor-element elementor-element-bc1c3b2\" data-id=\"bc1c3b2\" data-element_type=\"column\" data-e-type=\"column\">\n\t\t\t<div class=\"elementor-widget-wrap elementor-element-populated\">\n\t\t\t\t\t\t<div class=\"elementor-element elementor-element-7e62f1e elementor-widget elementor-widget-heading\" data-id=\"7e62f1e\" data-element_type=\"widget\" data-e-type=\"widget\" data-widget_type=\"heading.default\">\n\t\t\t\t<div class=\"elementor-widget-container\">\n\t\t\t\t\t<h2 class=\"elementor-heading-title elementor-size-default\">STORYLINE<\/h2>\t\t\t\t<\/div>\n\t\t\t\t<\/div>\n\t\t\t\t<div class=\"elementor-element elementor-element-289963f elementor-widget__width-initial elementor-widget elementor-widget-text-editor\" data-id=\"289963f\" data-element_type=\"widget\" data-e-type=\"widget\" data-widget_type=\"text-editor.default\">\n\t\t\t\t<div class=\"elementor-widget-container\">\n\t\t\t\t\t\t\t\t\t<div><span class=\"il\">July<\/span>\u00a0belongs to a generation raised by Disney and divorced parents. Far from happiness, he had loving relationships that disappointed: White betrayed him and Florence so bored. But everything changes when she meets Claire, american tourist, while it is a guide in Colonia del Sacramento. Fall in love deeply, but his attempt to rediscover Claire in EE. UU. it is frustrated by the refusal of visa. Discouraged, he believes that their love is doomed, until Claire surprises him with an unexpected visit<\/div>\t\t\t\t\t\t\t\t<\/div>\n\t\t\t\t<\/div>\n\t\t\t\t\t<\/div>\n\t\t<\/div>\n\t\t\t\t\t<\/div>\n\t\t<\/section>\n\t\t\t\t<div class=\"elementor-element elementor-element-76bb328 elementor-widget elementor-widget-image\" data-id=\"76bb328\" data-element_type=\"widget\" data-e-type=\"widget\" data-widget_type=\"image.default\">\n\t\t\t\t<div class=\"elementor-widget-container\">\n\t\t\t\t\t\t\t\t\t\t\t\t\t\t\t<img fetchpriority=\"high\" decoding=\"async\" width=\"1000\" height=\"450\" src=\"https:\/\/regioncinema.com\/wp-content\/uploads\/2023\/09\/claireyjulio_ph.jpg\" class=\"attachment-full size-full wp-image-1560\" alt=\"\" srcset=\"https:\/\/regioncinema.com\/wp-content\/uploads\/2023\/09\/claireyjulio_ph.jpg 1000w, https:\/\/regioncinema.com\/wp-content\/uploads\/2023\/09\/claireyjulio_ph-300x135.jpg 300w, https:\/\/regioncinema.com\/wp-content\/uploads\/2023\/09\/claireyjulio_ph-768x346.jpg 768w\" sizes=\"(max-width: 1000px) 100vw, 1000px\" \/>\t\t\t\t\t\t\t\t\t\t\t\t\t\t\t<\/div>\n\t\t\t\t<\/div>\n\t\t\t\t<section class=\"elementor-section elementor-inner-section elementor-element elementor-element-6525a69 elementor-section-content-bottom elementor-section-boxed elementor-section-height-default elementor-section-height-default\" data-id=\"6525a69\" data-element_type=\"section\" data-e-type=\"section\" data-settings=\"{&quot;background_background&quot;:&quot;classic&quot;}\">\n\t\t\t\t\t\t<div class=\"elementor-container elementor-column-gap-no\">\n\t\t\t\t\t<div class=\"elementor-column elementor-col-66 elementor-inner-column elementor-element elementor-element-6513d9e\" data-id=\"6513d9e\" data-element_type=\"column\" data-e-type=\"column\">\n\t\t\t<div class=\"elementor-widget-wrap elementor-element-populated\">\n\t\t\t\t\t\t<div class=\"elementor-element elementor-element-3bf17b2 elementor-view-default elementor-widget elementor-widget-icon\" data-id=\"3bf17b2\" data-element_type=\"widget\" data-e-type=\"widget\" data-widget_type=\"icon.default\">\n\t\t\t\t<div class=\"elementor-widget-container\">\n\t\t\t\t\t\t\t<div class=\"elementor-icon-wrapper\">\n\t\t\t<div class=\"elementor-icon\">\n\t\t\t<i aria-hidden=\"true\" class=\"fas fa-quote-left\"><\/i>\t\t\t<\/div>\n\t\t<\/div>\n\t\t\t\t\t\t<\/div>\n\t\t\t\t<\/div>\n\t\t\t\t<div class=\"elementor-element elementor-element-da345d0 elementor-widget elementor-widget-testimonial\" data-id=\"da345d0\" data-element_type=\"widget\" data-e-type=\"widget\" data-widget_type=\"testimonial.default\">\n\t\t\t\t<div class=\"elementor-widget-container\">\n\t\t\t\t\t\t\t<div class=\"elementor-testimonial-wrapper\">\n\t\t\t\t\t\t\t<div class=\"elementor-testimonial-content\">It has a prologue in animation, a scene of music and dancing, steps of comedy cameos of familiar faces, a romance, and is uruguayan. This combination is that until not long ago it looked impossible in the national film occurs in July, happily ever after, the film of Juan Manuel Sol\u00e9 <\/div>\n\t\t\t\n\t\t\t\t\t\t<div class=\"elementor-testimonial-meta\">\n\t\t\t\t<div class=\"elementor-testimonial-meta-inner\">\n\t\t\t\t\t\n\t\t\t\t\t\t\t\t\t\t<div class=\"elementor-testimonial-details\">\n\t\t\t\t\t\t\t\t\t\t\t\t\t\t<div class=\"elementor-testimonial-name\">Fern\u00e1n Cisnero<\/div>\n\t\t\t\t\t\t\t\t\t\t\t\t\t\t\t\t\t\t\t\t\t\t<div class=\"elementor-testimonial-job\">Journal Country<\/div>\n\t\t\t\t\t\t\t\t\t\t\t\t\t<\/div>\n\t\t\t\t\t\t\t\t\t<\/div>\n\t\t\t<\/div>\n\t\t\t\t\t<\/div>\n\t\t\t\t\t\t<\/div>\n\t\t\t\t<\/div>\n\t\t\t\t\t<\/div>\n\t\t<\/div>\n\t\t\t\t<div class=\"elementor-column elementor-col-33 elementor-inner-column elementor-element elementor-element-0629735\" data-id=\"0629735\" data-element_type=\"column\" data-e-type=\"column\">\n\t\t\t<div class=\"elementor-widget-wrap elementor-element-populated\">\n\t\t\t\t\t\t<div class=\"elementor-element elementor-element-21dc2cd elementor-align-center elementor-widget elementor-widget-button\" data-id=\"21dc2cd\" data-element_type=\"widget\" data-e-type=\"widget\" data-widget_type=\"button.default\">\n\t\t\t\t<div class=\"elementor-widget-container\">\n\t\t\t\t\t\t\t\t\t<div class=\"elementor-button-wrapper\">\n\t\t\t\t\t<a class=\"elementor-button elementor-button-link elementor-size-sm\" href=\"http:\/\/regioncinema.com\/wp-content\/uploads\/2023\/09\/Dossier-Julio-2023.pdf\" target=\"_blank\">\n\t\t\t\t\t\t<span class=\"elementor-button-content-wrapper\">\n\t\t\t\t\t\t\t\t\t<span class=\"elementor-button-text\">Dossier compelto<\/span>\n\t\t\t\t\t<\/span>\n\t\t\t\t\t<\/a>\n\t\t\t\t<\/div>\n\t\t\t\t\t\t\t\t<\/div>\n\t\t\t\t<\/div>\n\t\t\t\t\t<\/div>\n\t\t<\/div>\n\t\t\t\t\t<\/div>\n\t\t<\/section>\n\t\t\t\t\t<\/div>\n\t\t<\/div>\n\t\t\t\t\t<\/div>\n\t\t<\/section>\n\t\t\t\t<section class=\"elementor-section elementor-top-section elementor-element elementor-element-lvgp1ck elementor-section-boxed elementor-section-height-default elementor-section-height-default\" data-id=\"lvgp1ck\" data-element_type=\"section\" data-e-type=\"section\" data-settings=\"{&quot;background_background&quot;:&quot;classic&quot;}\">\n\t\t\t\t\t\t<div class=\"elementor-container elementor-column-gap-no\">\n\t\t\t\t\t<div class=\"elementor-column elementor-col-50 elementor-top-column elementor-element elementor-element-2d1ac2a\" data-id=\"2d1ac2a\" data-element_type=\"column\" data-e-type=\"column\">\n\t\t\t<div class=\"elementor-widget-wrap elementor-element-populated\">\n\t\t\t\t\t\t<section class=\"elementor-section elementor-inner-section elementor-element elementor-element-5136502 elementor-section-boxed elementor-section-height-default elementor-section-height-default\" data-id=\"5136502\" data-element_type=\"section\" data-e-type=\"section\">\n\t\t\t\t\t\t<div class=\"elementor-container elementor-column-gap-no\">\n\t\t\t\t\t<div class=\"elementor-column elementor-col-100 elementor-inner-column elementor-element elementor-element-68f1a49\" data-id=\"68f1a49\" data-element_type=\"column\" data-e-type=\"column\">\n\t\t\t<div class=\"elementor-widget-wrap elementor-element-populated\">\n\t\t\t\t\t\t<div class=\"elementor-element elementor-element-5b1cb44 elementor-widget elementor-widget-image\" data-id=\"5b1cb44\" data-element_type=\"widget\" data-e-type=\"widget\" data-widget_type=\"image.default\">\n\t\t\t\t<div class=\"elementor-widget-container\">\n\t\t\t\t\t\t\t\t\t\t\t\t\t\t\t<img decoding=\"async\" width=\"800\" height=\"342\" src=\"https:\/\/regioncinema.com\/wp-content\/uploads\/2023\/09\/ILUST_JULIO01.jpg\" class=\"attachment-full size-full wp-image-1559\" alt=\"\" srcset=\"https:\/\/regioncinema.com\/wp-content\/uploads\/2023\/09\/ILUST_JULIO01.jpg 800w, https:\/\/regioncinema.com\/wp-content\/uploads\/2023\/09\/ILUST_JULIO01-300x128.jpg 300w, https:\/\/regioncinema.com\/wp-content\/uploads\/2023\/09\/ILUST_JULIO01-768x328.jpg 768w\" sizes=\"(max-width: 800px) 100vw, 800px\" \/>\t\t\t\t\t\t\t\t\t\t\t\t\t\t\t<\/div>\n\t\t\t\t<\/div>\n\t\t\t\t<div class=\"elementor-element elementor-element-1f82ea3 elementor-widget elementor-widget-heading\" data-id=\"1f82ea3\" data-element_type=\"widget\" data-e-type=\"widget\" data-widget_type=\"heading.default\">\n\t\t\t\t<div class=\"elementor-widget-container\">\n\t\t\t\t\t<h3 class=\"elementor-heading-title elementor-size-default\">Festivals<\/h3>\t\t\t\t<\/div>\n\t\t\t\t<\/div>\n\t\t\t\t<div class=\"elementor-element elementor-element-be5ab40 elementor-widget elementor-widget-text-editor\" data-id=\"be5ab40\" data-element_type=\"widget\" data-e-type=\"widget\" data-widget_type=\"text-editor.default\">\n\t\t\t\t<div class=\"elementor-widget-container\">\n\t\t\t\t\t\t\t\t\t<ul><li><span class=\"OYPEnA text-decoration-none text-strikethrough-none\">Official selection Seattle latino film festival, USA, 2023<\/span><\/li><li><span class=\"OYPEnA text-decoration-none text-strikethrough-none\">Official selection at the Toronto Latin american Film Festival, Canada -2023<\/span><\/li><li><span class=\"OYPEnA text-decoration-none text-strikethrough-none\">Official selection at the Film Festival Latino\u00e1mericano and the Caribbean Berne, Switzerland -2023<\/span><\/li><li><span class=\"OYPEnA text-decoration-none text-strikethrough-none\">Official selection Film Festival of Philadelphia. 2023<\/span><\/li><li><span class=\"OYPEnA text-decoration-none text-strikethrough-none\">Official selection Films in Construction, Festival de Cine de Lima next to CineLatino rencontres de toulouse. 2021<\/span><\/li><li><span class=\"OYPEnA text-decoration-none text-strikethrough-none\">Best Latin american film in the laboratory LABEX, Buenos AIRES. 2021.<\/span><\/li><\/ul>\t\t\t\t\t\t\t\t<\/div>\n\t\t\t\t<\/div>\n\t\t\t\t\t<\/div>\n\t\t<\/div>\n\t\t\t\t\t<\/div>\n\t\t<\/section>\n\t\t\t\t\t<\/div>\n\t\t<\/div>\n\t\t\t\t<div class=\"elementor-column elementor-col-50 elementor-top-column elementor-element elementor-element-b78980b\" data-id=\"b78980b\" data-element_type=\"column\" data-e-type=\"column\">\n\t\t\t<div class=\"elementor-widget-wrap elementor-element-populated\">\n\t\t\t\t\t\t<section class=\"elementor-section elementor-inner-section elementor-element elementor-element-ffbad05 elementor-section-boxed elementor-section-height-default elementor-section-height-default\" data-id=\"ffbad05\" data-element_type=\"section\" data-e-type=\"section\">\n\t\t\t\t\t\t<div class=\"elementor-container elementor-column-gap-no\">\n\t\t\t\t\t<div class=\"elementor-column elementor-col-100 elementor-inner-column elementor-element elementor-element-2567324\" data-id=\"2567324\" data-element_type=\"column\" data-e-type=\"column\">\n\t\t\t<div class=\"elementor-widget-wrap elementor-element-populated\">\n\t\t\t\t\t\t<div class=\"elementor-element elementor-element-4f55cd2 elementor-widget elementor-widget-image\" data-id=\"4f55cd2\" data-element_type=\"widget\" data-e-type=\"widget\" data-widget_type=\"image.default\">\n\t\t\t\t<div class=\"elementor-widget-container\">\n\t\t\t\t\t\t\t\t\t\t\t\t\t\t\t<img decoding=\"async\" width=\"800\" height=\"342\" src=\"https:\/\/regioncinema.com\/wp-content\/uploads\/2023\/09\/chinos_newajulio.jpg\" class=\"attachment-full size-full wp-image-1567\" alt=\"\" srcset=\"https:\/\/regioncinema.com\/wp-content\/uploads\/2023\/09\/chinos_newajulio.jpg 800w, https:\/\/regioncinema.com\/wp-content\/uploads\/2023\/09\/chinos_newajulio-300x128.jpg 300w, https:\/\/regioncinema.com\/wp-content\/uploads\/2023\/09\/chinos_newajulio-768x328.jpg 768w\" sizes=\"(max-width: 800px) 100vw, 800px\" \/>\t\t\t\t\t\t\t\t\t\t\t\t\t\t\t<\/div>\n\t\t\t\t<\/div>\n\t\t\t\t<div class=\"elementor-element elementor-element-c4fbf03 elementor-widget elementor-widget-heading\" data-id=\"c4fbf03\" data-element_type=\"widget\" data-e-type=\"widget\" data-widget_type=\"heading.default\">\n\t\t\t\t<div class=\"elementor-widget-container\">\n\t\t\t\t\t<h3 class=\"elementor-heading-title elementor-size-default\">News and awards<\/h3>\t\t\t\t<\/div>\n\t\t\t\t<\/div>\n\t\t\t\t<div class=\"elementor-element elementor-element-220d76e elementor-widget elementor-widget-text-editor\" data-id=\"220d76e\" data-element_type=\"widget\" data-e-type=\"widget\" data-widget_type=\"text-editor.default\">\n\t\t\t\t<div class=\"elementor-widget-container\">\n\t\t\t\t\t\t\t\t\t<ul><li><span class=\"OYPEnA text-decoration-none text-strikethrough-none\">Premiere in Argentina 2023<\/span><\/li><li><span class=\"OYPEnA text-decoration-none text-strikethrough-none\">12 Weeks in theatres in Uruguay. 2022 \u2013 2023<\/span><\/li><li><span class=\"OYPEnA text-decoration-none text-strikethrough-none\">Selected by the journal The Country among the top 10 movies of the year. (The newspaper of highest circulation in the country, note below)<\/span><\/li><li><span class=\"OYPEnA text-decoration-none text-strikethrough-none\">Short List awards Platinum for best Comedy Iberoamericana.<\/span><\/li><li><span class=\"OYPEnA text-decoration-none text-strikethrough-none\">Nominated for best film at the awards ACCU 2022.<\/span><\/li><\/ul><p>More news.\u00a0<\/p>\t\t\t\t\t\t\t\t<\/div>\n\t\t\t\t<\/div>\n\t\t\t\t\t<\/div>\n\t\t<\/div>\n\t\t\t\t\t<\/div>\n\t\t<\/section>\n\t\t\t\t\t<\/div>\n\t\t<\/div>\n\t\t\t\t\t<\/div>\n\t\t<\/section>\n\t\t<div class=\"elementor-element elementor-element-6935b78 e-flex e-con-boxed e-con e-parent\" data-id=\"6935b78\" data-element_type=\"container\" data-e-type=\"container\">\n\t\t\t\t\t<div class=\"e-con-inner\">\n\t\t<div class=\"elementor-element elementor-element-eb11cd4 e-con-full e-flex e-con e-child\" data-id=\"eb11cd4\" data-element_type=\"container\" data-e-type=\"container\">\n\t\t\t\t<\/div>\n\t\t<div class=\"elementor-element elementor-element-de20ceb e-con-full e-flex e-con e-child\" data-id=\"de20ceb\" data-element_type=\"container\" data-e-type=\"container\">\n\t\t\t\t<div class=\"elementor-element elementor-element-363acaa elementor-widget elementor-widget-image\" data-id=\"363acaa\" data-element_type=\"widget\" data-e-type=\"widget\" data-widget_type=\"image.default\">\n\t\t\t\t<div class=\"elementor-widget-container\">\n\t\t\t\t\t\t\t\t\t\t\t\t\t\t\t<img loading=\"lazy\" decoding=\"async\" width=\"717\" height=\"1024\" src=\"https:\/\/regioncinema.com\/wp-content\/uploads\/2023\/09\/poster_argentina-717x1024.jpg\" class=\"attachment-large size-large wp-image-1600\" alt=\"\" srcset=\"https:\/\/regioncinema.com\/wp-content\/uploads\/2023\/09\/poster_argentina-717x1024.jpg 717w, https:\/\/regioncinema.com\/wp-content\/uploads\/2023\/09\/poster_argentina-210x300.jpg 210w, https:\/\/regioncinema.com\/wp-content\/uploads\/2023\/09\/poster_argentina-768x1097.jpg 768w, https:\/\/regioncinema.com\/wp-content\/uploads\/2023\/09\/poster_argentina.jpg 1000w\" sizes=\"(max-width: 717px) 100vw, 717px\" \/>\t\t\t\t\t\t\t\t\t\t\t\t\t\t\t<\/div>\n\t\t\t\t<\/div>\n\t\t\t\t<\/div>\n\t\t<div class=\"elementor-element elementor-element-a429112 e-con-full e-flex e-con e-child\" data-id=\"a429112\" data-element_type=\"container\" data-e-type=\"container\">\n\t\t\t\t<\/div>\n\t\t\t\t\t<\/div>\n\t\t\t\t<\/div>\n\t\t\t\t<\/div>","protected":false},"excerpt":{"rendered":"<p>JULIO FELICES POR SIEMPRE Casa productora:\u00a0Regi\u00f3n CinemaProductora Argentina:\u00a0R\u00edo CineGui\u00f3n y direcci\u00f3n:\u00a0Juan Manuel Sol\u00e9Producci\u00f3n ejecutiva: \u00a0Josefina Recchia y JM. Sol\u00e9DF:\u00a0Anal\u00eda PollioProtagonistas: Chepe Irisity y Daryna Butryk\u00a0G\u00e9nero:\u00a0Comedia Rom\u00e1nticaIdioma \/ Language:\u00a0Espa\u00f1ol, ingl\u00e9s, chino mandar\u00ednFormato de captura:\u00a0Cine digital 4K y 8KFormato final:\u00a04K.Duraci\u00f3n estimada:\u00a090 minutos. STORYLINE Julio\u00a0pertenece a una generaci\u00f3n criada por Disney y padres divorciados. Lejos de la felicidad, [&hellip;]<\/p>\n","protected":false},"author":1,"featured_media":0,"parent":0,"menu_order":0,"comment_status":"closed","ping_status":"closed","template":"","meta":{"site-sidebar-layout":"no-sidebar","site-content-layout":"page-builder","ast-site-content-layout":"full-width-container","site-content-style":"default","site-sidebar-style":"default","ast-global-header-display":"","ast-banner-title-visibility":"","ast-main-header-display":"","ast-hfb-above-header-display":"","ast-hfb-below-header-display":"","ast-hfb-mobile-header-display":"","site-post-title":"disabled","ast-breadcrumbs-content":"","ast-featured-img":"disabled","footer-sml-layout":"","ast-disable-related-posts":"","theme-transparent-header-meta":"","adv-header-id-meta":"","stick-header-meta":"","header-above-stick-meta":"","header-main-stick-meta":"","header-below-stick-meta":"","astra-migrate-meta-layouts":"set","ast-page-background-enabled":"default","ast-page-background-meta":{"desktop":{"background-color":"var(--ast-global-color-4)","background-image":"","background-repeat":"repeat","background-position":"center center","background-size":"auto","background-attachment":"scroll","background-type":"","background-media":"","overlay-type":"","overlay-color":"","overlay-opacity":"","overlay-gradient":""},"tablet":{"background-color":"","background-image":"","background-repeat":"repeat","background-position":"center center","background-size":"auto","background-attachment":"scroll","background-type":"","background-media":"","overlay-type":"","overlay-color":"","overlay-opacity":"","overlay-gradient":""},"mobile":{"background-color":"","background-image":"","background-repeat":"repeat","background-position":"center center","background-size":"auto","background-attachment":"scroll","background-type":"","background-media":"","overlay-type":"","overlay-color":"","overlay-opacity":"","overlay-gradient":""}},"ast-content-background-meta":{"desktop":{"background-color":"var(--ast-global-color-5)","background-image":"","background-repeat":"repeat","background-position":"center center","background-size":"auto","background-attachment":"scroll","background-type":"","background-media":"","overlay-type":"","overlay-color":"","overlay-opacity":"","overlay-gradient":""},"tablet":{"background-color":"var(--ast-global-color-5)","background-image":"","background-repeat":"repeat","background-position":"center center","background-size":"auto","background-attachment":"scroll","background-type":"","background-media":"","overlay-type":"","overlay-color":"","overlay-opacity":"","overlay-gradient":""},"mobile":{"background-color":"var(--ast-global-color-5)","background-image":"","background-repeat":"repeat","background-position":"center center","background-size":"auto","background-attachment":"scroll","background-type":"","background-media":"","overlay-type":"","overlay-color":"","overlay-opacity":"","overlay-gradient":""}},"footnotes":""},"class_list":["post-1539","page","type-page","status-publish","hentry"],"_links":{"self":[{"href":"https:\/\/regioncinema.com\/en\/wp-json\/wp\/v2\/pages\/1539","targetHints":{"allow":["GET"]}}],"collection":[{"href":"https:\/\/regioncinema.com\/en\/wp-json\/wp\/v2\/pages"}],"about":[{"href":"https:\/\/regioncinema.com\/en\/wp-json\/wp\/v2\/types\/page"}],"author":[{"embeddable":true,"href":"https:\/\/regioncinema.com\/en\/wp-json\/wp\/v2\/users\/1"}],"replies":[{"embeddable":true,"href":"https:\/\/regioncinema.com\/en\/wp-json\/wp\/v2\/comments?post=1539"}],"version-history":[{"count":31,"href":"https:\/\/regioncinema.com\/en\/wp-json\/wp\/v2\/pages\/1539\/revisions"}],"predecessor-version":[{"id":1658,"href":"https:\/\/regioncinema.com\/en\/wp-json\/wp\/v2\/pages\/1539\/revisions\/1658"}],"wp:attachment":[{"href":"https:\/\/regioncinema.com\/en\/wp-json\/wp\/v2\/media?parent=1539"}],"curies":[{"name":"wp","href":"https:\/\/api.w.org\/{rel}","templated":true}]}}