{"id":1586,"date":"2023-09-29T19:38:19","date_gmt":"2023-09-29T19:38:19","guid":{"rendered":"http:\/\/regioncinema.com\/?page_id=1586"},"modified":"2025-09-02T20:35:25","modified_gmt":"2025-09-02T20:35:25","slug":"blanca-y-sus-universos","status":"publish","type":"page","link":"https:\/\/regioncinema.com\/en\/blanca-y-sus-universos\/","title":{"rendered":"White and their universes"},"content":{"rendered":"<div data-elementor-type=\"wp-page\" data-elementor-id=\"1586\" class=\"elementor elementor-1586\">\n\t\t\t\t<div class=\"elementor-element elementor-element-9e1031e e-flex e-con-boxed e-con e-parent\" data-id=\"9e1031e\" data-element_type=\"container\" data-e-type=\"container\">\n\t\t\t\t\t<div class=\"e-con-inner\">\n\t\t\t\t<div class=\"elementor-element elementor-element-0d6f522 elementor-widget elementor-widget-video\" data-id=\"0d6f522\" data-element_type=\"widget\" data-e-type=\"widget\" data-settings=\"{&quot;video_type&quot;:&quot;vimeo&quot;}\" data-widget_type=\"video.default\">\n\t\t\t\t<div class=\"elementor-widget-container\">\n\t\t\t\t\t\t\t<div class=\"elementor-wrapper elementor-open-inline\">\n\t\t\t<iframe class=\"elementor-video-iframe\" allowfullscreen allow=\"clipboard-write\" title=\"Reproductor de v\u00eddeo vimeo\" src=\"https:\/\/player.vimeo.com\/video\/1113733355?color&amp;autopause=0&amp;loop=0&amp;muted=0&amp;title=0&amp;portrait=0&amp;byline=0#t=\"><\/iframe>\t\t<\/div>\n\t\t\t\t\t\t<\/div>\n\t\t\t\t<\/div>\n\t\t\t\t\t<\/div>\n\t\t\t\t<\/div>\n\t\t\t\t<section class=\"elementor-section elementor-top-section elementor-element elementor-element-iq0w7pj elementor-section-boxed elementor-section-height-default elementor-section-height-default\" data-id=\"iq0w7pj\" data-element_type=\"section\" data-e-type=\"section\" data-settings=\"{&quot;background_background&quot;:&quot;gradient&quot;}\">\n\t\t\t\t\t\t<div class=\"elementor-container elementor-column-gap-no\">\n\t\t\t\t\t<div class=\"elementor-column elementor-col-100 elementor-top-column elementor-element elementor-element-1ffc931\" data-id=\"1ffc931\" data-element_type=\"column\" data-e-type=\"column\">\n\t\t\t<div class=\"elementor-widget-wrap elementor-element-populated\">\n\t\t\t\t\t\t<section class=\"elementor-section elementor-inner-section elementor-element elementor-element-32618f3 elementor-section-boxed elementor-section-height-default elementor-section-height-default\" data-id=\"32618f3\" data-element_type=\"section\" data-e-type=\"section\">\n\t\t\t\t\t\t<div class=\"elementor-container elementor-column-gap-no\">\n\t\t\t\t\t<div class=\"elementor-column elementor-col-33 elementor-inner-column elementor-element elementor-element-1291223\" data-id=\"1291223\" data-element_type=\"column\" data-e-type=\"column\">\n\t\t\t<div class=\"elementor-widget-wrap elementor-element-populated\">\n\t\t\t\t\t\t<div class=\"elementor-element elementor-element-ba8aed1 elementor-widget elementor-widget-heading\" data-id=\"ba8aed1\" data-element_type=\"widget\" data-e-type=\"widget\" data-widget_type=\"heading.default\">\n\t\t\t\t<div class=\"elementor-widget-container\">\n\t\t\t\t\t<h2 class=\"elementor-heading-title elementor-size-default\">WHITE AND THEIR UNIVERSES<\/h2>\t\t\t\t<\/div>\n\t\t\t\t<\/div>\n\t\t\t\t<div class=\"elementor-element elementor-element-65471a1 elementor-widget elementor-widget-text-editor\" data-id=\"65471a1\" data-element_type=\"widget\" data-e-type=\"widget\" data-widget_type=\"text-editor.default\">\n\t\t\t\t<div class=\"elementor-widget-container\">\n\t\t\t\t\t\t\t\t\t<div><b>Production house:\u00a0<\/b>Region Cinema<\/div><div><b>Producer Brazil:<\/b> Opar\u00e1 Cultural<\/div><div><b>Script and direction:\u00a0<\/b>Juan Manuel Sol\u00e9<\/div><div><b>Executive production: <\/b>\u00a0Josephine Recchia, Beto Rodrigues, Paola Mallman and JM. Sol\u00e9<\/div><div><strong>Protagonist<\/strong>: Josephine Trias<\/div><div><strong>State:<\/strong> Post-producci\u00f3m<\/div><div>\u00a0<\/div><div><b>Gender: <\/b>Dramedy<\/div><div><b>Language:<\/b> Spanish and Portuguese.\u00a0<\/div><div><b>Capture format:\u00a0<\/b>Digital cinema 6K<\/div><div><b>Final format:\u00a0<\/b>4K.<\/div><div><b>Estimated duration:\u00a0<\/b>90 minutes.<\/div>\t\t\t\t\t\t\t\t<\/div>\n\t\t\t\t<\/div>\n\t\t\t\t\t<\/div>\n\t\t<\/div>\n\t\t\t\t<div class=\"elementor-column elementor-col-33 elementor-inner-column elementor-element elementor-element-3e6ad22\" data-id=\"3e6ad22\" data-element_type=\"column\" data-e-type=\"column\">\n\t\t\t<div class=\"elementor-widget-wrap\">\n\t\t\t\t\t\t\t<\/div>\n\t\t<\/div>\n\t\t\t\t<div class=\"elementor-column elementor-col-33 elementor-inner-column elementor-element elementor-element-bc1c3b2\" data-id=\"bc1c3b2\" data-element_type=\"column\" data-e-type=\"column\">\n\t\t\t<div class=\"elementor-widget-wrap elementor-element-populated\">\n\t\t\t\t\t\t<div class=\"elementor-element elementor-element-7e62f1e elementor-widget elementor-widget-heading\" data-id=\"7e62f1e\" data-element_type=\"widget\" data-e-type=\"widget\" data-widget_type=\"heading.default\">\n\t\t\t\t<div class=\"elementor-widget-container\">\n\t\t\t\t\t<h2 class=\"elementor-heading-title elementor-size-default\">STORYLINE<\/h2>\t\t\t\t<\/div>\n\t\t\t\t<\/div>\n\t\t\t\t<div class=\"elementor-element elementor-element-289963f elementor-widget__width-initial elementor-widget elementor-widget-text-editor\" data-id=\"289963f\" data-element_type=\"widget\" data-e-type=\"widget\" data-widget_type=\"text-editor.default\">\n\t\t\t\t<div class=\"elementor-widget-container\">\n\t\t\t\t\t\t\t\t\t<p><span class=\"a_GcMg font-feature-liga-off font-feature-clig-off font-feature-calt-off text-decoration-none text-strikethrough-none\">Blanca es una exitosa profesional de la industria TEC. En semana santa se cumplen 10 a\u00f1os de la muerte de su padre. En Rivera, ciudad fronteriza con Brasil, Blanca tendr\u00e1 que lidiar con el pasado que intent\u00f3 dejar atr\u00e1s y el presente que no la satisface. Adem\u00e1s de la extensa agenda de actividades cat\u00f3licas que prepar\u00f3 su abuela para realizar juntas.<\/span><\/p>\t\t\t\t\t\t\t\t<\/div>\n\t\t\t\t<\/div>\n\t\t\t\t<div class=\"elementor-element elementor-element-b9f54c2 elementor-widget elementor-widget-heading\" data-id=\"b9f54c2\" data-element_type=\"widget\" data-e-type=\"widget\" data-widget_type=\"heading.default\">\n\t\t\t\t<div class=\"elementor-widget-container\">\n\t\t\t\t\t<h2 class=\"elementor-heading-title elementor-size-default\">\u00bfQU\u00c9 BUSCAMOS? <\/h2>\t\t\t\t<\/div>\n\t\t\t\t<\/div>\n\t\t\t\t<div class=\"elementor-element elementor-element-d103400 elementor-widget__width-initial elementor-widget elementor-widget-text-editor\" data-id=\"d103400\" data-element_type=\"widget\" data-e-type=\"widget\" data-widget_type=\"text-editor.default\">\n\t\t\t\t<div class=\"elementor-widget-container\">\n\t\t\t\t\t\t\t\t\t<p class=\"cvGsUA direction-ltr align-justify para-style-body\"><span class=\"a_GcMg font-feature-liga-off font-feature-clig-off font-feature-calt-off text-decoration-none text-strikethrough-none\">Con un primer corte del largometraje, estamos en b\u00fasqueda de agentes de venta internacionales, programadores de festivales, financiamiento para finalizaci\u00f3n de postproducci\u00f3n y marketing internacional.<\/span><\/p>\t\t\t\t\t\t\t\t<\/div>\n\t\t\t\t<\/div>\n\t\t\t\t\t<\/div>\n\t\t<\/div>\n\t\t\t\t\t<\/div>\n\t\t<\/section>\n\t\t\t\t<div class=\"elementor-element elementor-element-76bb328 elementor-widget elementor-widget-image\" data-id=\"76bb328\" data-element_type=\"widget\" data-e-type=\"widget\" data-widget_type=\"image.default\">\n\t\t\t\t<div class=\"elementor-widget-container\">\n\t\t\t\t\t\t\t\t\t\t\t\t\t\t\t<img fetchpriority=\"high\" decoding=\"async\" width=\"1920\" height=\"1080\" src=\"https:\/\/regioncinema.com\/wp-content\/uploads\/2025\/09\/blanca_web_pag.webp\" class=\"attachment-full size-full wp-image-2037\" alt=\"\" srcset=\"https:\/\/regioncinema.com\/wp-content\/uploads\/2025\/09\/blanca_web_pag.webp 1920w, https:\/\/regioncinema.com\/wp-content\/uploads\/2025\/09\/blanca_web_pag-300x169.webp 300w, https:\/\/regioncinema.com\/wp-content\/uploads\/2025\/09\/blanca_web_pag-1024x576.webp 1024w, https:\/\/regioncinema.com\/wp-content\/uploads\/2025\/09\/blanca_web_pag-768x432.webp 768w, https:\/\/regioncinema.com\/wp-content\/uploads\/2025\/09\/blanca_web_pag-1536x864.webp 1536w, https:\/\/regioncinema.com\/wp-content\/uploads\/2025\/09\/blanca_web_pag-18x10.webp 18w\" sizes=\"(max-width: 1920px) 100vw, 1920px\" \/>\t\t\t\t\t\t\t\t\t\t\t\t\t\t\t<\/div>\n\t\t\t\t<\/div>\n\t\t\t\t\t<\/div>\n\t\t<\/div>\n\t\t\t\t\t<\/div>\n\t\t<\/section>\n\t\t\t\t<section class=\"elementor-section elementor-top-section elementor-element elementor-element-lvgp1ck elementor-section-boxed elementor-section-height-default elementor-section-height-default\" data-id=\"lvgp1ck\" data-element_type=\"section\" data-e-type=\"section\" data-settings=\"{&quot;background_background&quot;:&quot;classic&quot;}\">\n\t\t\t\t\t\t<div class=\"elementor-container elementor-column-gap-no\">\n\t\t\t\t\t<div class=\"elementor-column elementor-col-50 elementor-top-column elementor-element elementor-element-2d1ac2a\" data-id=\"2d1ac2a\" data-element_type=\"column\" data-e-type=\"column\">\n\t\t\t<div class=\"elementor-widget-wrap elementor-element-populated\">\n\t\t\t\t\t\t<section class=\"elementor-section elementor-inner-section elementor-element elementor-element-5136502 elementor-section-boxed elementor-section-height-default elementor-section-height-default\" data-id=\"5136502\" data-element_type=\"section\" data-e-type=\"section\">\n\t\t\t\t\t\t<div class=\"elementor-container elementor-column-gap-no\">\n\t\t\t\t\t<div class=\"elementor-column elementor-col-100 elementor-inner-column elementor-element elementor-element-68f1a49\" data-id=\"68f1a49\" data-element_type=\"column\" data-e-type=\"column\">\n\t\t\t<div class=\"elementor-widget-wrap elementor-element-populated\">\n\t\t\t\t\t\t<div class=\"elementor-element elementor-element-5b1cb44 elementor-widget elementor-widget-image\" data-id=\"5b1cb44\" data-element_type=\"widget\" data-e-type=\"widget\" data-widget_type=\"image.default\">\n\t\t\t\t<div class=\"elementor-widget-container\">\n\t\t\t\t\t\t\t\t\t\t\t\t\t\t\t<img decoding=\"async\" width=\"800\" height=\"342\" src=\"https:\/\/regioncinema.com\/wp-content\/uploads\/2023\/09\/blanca_02.jpg\" class=\"attachment-full size-full wp-image-1588\" alt=\"\" srcset=\"https:\/\/regioncinema.com\/wp-content\/uploads\/2023\/09\/blanca_02.jpg 800w, https:\/\/regioncinema.com\/wp-content\/uploads\/2023\/09\/blanca_02-300x128.jpg 300w, https:\/\/regioncinema.com\/wp-content\/uploads\/2023\/09\/blanca_02-768x328.jpg 768w\" sizes=\"(max-width: 800px) 100vw, 800px\" \/>\t\t\t\t\t\t\t\t\t\t\t\t\t\t\t<\/div>\n\t\t\t\t<\/div>\n\t\t\t\t<div class=\"elementor-element elementor-element-1f82ea3 elementor-widget elementor-widget-heading\" data-id=\"1f82ea3\" data-element_type=\"widget\" data-e-type=\"widget\" data-widget_type=\"heading.default\">\n\t\t\t\t<div class=\"elementor-widget-container\">\n\t\t\t\t\t<h3 class=\"elementor-heading-title elementor-size-default\">Markets and laboratories<\/h3>\t\t\t\t<\/div>\n\t\t\t\t<\/div>\n\t\t\t\t<div class=\"elementor-element elementor-element-be5ab40 elementor-widget elementor-widget-text-editor\" data-id=\"be5ab40\" data-element_type=\"widget\" data-e-type=\"widget\" data-widget_type=\"text-editor.default\">\n\t\t\t\t<div class=\"elementor-widget-container\">\n\t\t\t\t\t\t\t\t\t<ul><li aria-level=\"1\">Official selection EntreFonrteras, Paraguay 2023.<\/li><li style=\"font-weight: 400;\" aria-level=\"1\"><span style=\"font-weight: 400;\">Official selection for the FAM, a meeting of co-productions, the MERCOSUR countries of Brazil. 2022<\/span><\/li><li style=\"font-weight: 400;\" aria-level=\"1\"><span style=\"font-weight: 400;\">Official selection of Bolivia Lab. 2022<\/span><\/li><\/ul>\t\t\t\t\t\t\t\t<\/div>\n\t\t\t\t<\/div>\n\t\t\t\t\t<\/div>\n\t\t<\/div>\n\t\t\t\t\t<\/div>\n\t\t<\/section>\n\t\t\t\t\t<\/div>\n\t\t<\/div>\n\t\t\t\t<div class=\"elementor-column elementor-col-50 elementor-top-column elementor-element elementor-element-b78980b\" data-id=\"b78980b\" data-element_type=\"column\" data-e-type=\"column\">\n\t\t\t<div class=\"elementor-widget-wrap elementor-element-populated\">\n\t\t\t\t\t\t<section class=\"elementor-section elementor-inner-section elementor-element elementor-element-ffbad05 elementor-section-boxed elementor-section-height-default elementor-section-height-default\" data-id=\"ffbad05\" data-element_type=\"section\" data-e-type=\"section\">\n\t\t\t\t\t\t<div class=\"elementor-container elementor-column-gap-no\">\n\t\t\t\t\t<div class=\"elementor-column elementor-col-100 elementor-inner-column elementor-element elementor-element-2567324\" data-id=\"2567324\" data-element_type=\"column\" data-e-type=\"column\">\n\t\t\t<div class=\"elementor-widget-wrap elementor-element-populated\">\n\t\t\t\t\t\t<div class=\"elementor-element elementor-element-4f55cd2 elementor-widget elementor-widget-image\" data-id=\"4f55cd2\" data-element_type=\"widget\" data-e-type=\"widget\" data-widget_type=\"image.default\">\n\t\t\t\t<div class=\"elementor-widget-container\">\n\t\t\t\t\t\t\t\t\t\t\t\t\t\t\t<img decoding=\"async\" width=\"800\" height=\"342\" src=\"https:\/\/regioncinema.com\/wp-content\/uploads\/2023\/09\/blanca_03.jpg\" class=\"attachment-full size-full wp-image-1589\" alt=\"\" srcset=\"https:\/\/regioncinema.com\/wp-content\/uploads\/2023\/09\/blanca_03.jpg 800w, https:\/\/regioncinema.com\/wp-content\/uploads\/2023\/09\/blanca_03-300x128.jpg 300w, https:\/\/regioncinema.com\/wp-content\/uploads\/2023\/09\/blanca_03-768x328.jpg 768w\" sizes=\"(max-width: 800px) 100vw, 800px\" \/>\t\t\t\t\t\t\t\t\t\t\t\t\t\t\t<\/div>\n\t\t\t\t<\/div>\n\t\t\t\t<div class=\"elementor-element elementor-element-c4fbf03 elementor-widget elementor-widget-heading\" data-id=\"c4fbf03\" data-element_type=\"widget\" data-e-type=\"widget\" data-widget_type=\"heading.default\">\n\t\t\t\t<div class=\"elementor-widget-container\">\n\t\t\t\t\t<h3 class=\"elementor-heading-title elementor-size-default\">News and awards<\/h3>\t\t\t\t<\/div>\n\t\t\t\t<\/div>\n\t\t\t\t<div class=\"elementor-element elementor-element-220d76e elementor-widget elementor-widget-text-editor\" data-id=\"220d76e\" data-element_type=\"widget\" data-e-type=\"widget\" data-widget_type=\"text-editor.default\">\n\t\t\t\t<div class=\"elementor-widget-container\">\n\t\t\t\t\t\t\t\t\t<ul><li style=\"font-weight: 400;\" aria-level=\"1\"><span style=\"font-weight: 400;\">Winner of the Background of the INCAU to development of project 2021.<\/span><\/li><li style=\"font-weight: 400;\" aria-level=\"1\"><span style=\"font-weight: 400;\"> Selected as a project of fiction with an additional support for the realization of teaser.\u00a0<\/span><\/li><li style=\"font-weight: 400;\" aria-level=\"1\"><span style=\"font-weight: 400;\">Selected for the program PUA, projects in development ANDE 2022<\/span><\/li><\/ul><p>More news.\u00a0<\/p>\t\t\t\t\t\t\t\t<\/div>\n\t\t\t\t<\/div>\n\t\t\t\t\t<\/div>\n\t\t<\/div>\n\t\t\t\t\t<\/div>\n\t\t<\/section>\n\t\t\t\t\t<\/div>\n\t\t<\/div>\n\t\t\t\t\t<\/div>\n\t\t<\/section>\n\t\t\t\t<\/div>","protected":false},"excerpt":{"rendered":"<p>BLANCA Y SUS UNIVERSOS Casa productora:\u00a0Regi\u00f3n CinemaProductora Brasil: Opar\u00e1 CulturalGui\u00f3n y direcci\u00f3n:\u00a0Juan Manuel Sol\u00e9Producci\u00f3n ejecutiva: \u00a0Josefina Recchia, Beto Rodrigues, Paola Mallman y JM. Sol\u00e9Protagonista: Josefina TriasEstado: Post-producci\u00f3m\u00a0G\u00e9nero: DramedyIdioma \/ Language: Espa\u00f1ol y Portugu\u00e9s.\u00a0Formato de captura:\u00a0Cine digital 6KFormato final:\u00a04K.Duraci\u00f3n estimada:\u00a090 minutos. STORYLINE Blanca es una exitosa profesional de la industria TEC. En semana santa se cumplen [&hellip;]<\/p>\n","protected":false},"author":1,"featured_media":0,"parent":0,"menu_order":0,"comment_status":"closed","ping_status":"closed","template":"","meta":{"site-sidebar-layout":"no-sidebar","site-content-layout":"page-builder","ast-site-content-layout":"full-width-container","site-content-style":"default","site-sidebar-style":"default","ast-global-header-display":"","ast-banner-title-visibility":"","ast-main-header-display":"","ast-hfb-above-header-display":"","ast-hfb-below-header-display":"","ast-hfb-mobile-header-display":"","site-post-title":"disabled","ast-breadcrumbs-content":"","ast-featured-img":"disabled","footer-sml-layout":"","ast-disable-related-posts":"","theme-transparent-header-meta":"","adv-header-id-meta":"","stick-header-meta":"","header-above-stick-meta":"","header-main-stick-meta":"","header-below-stick-meta":"","astra-migrate-meta-layouts":"set","ast-page-background-enabled":"default","ast-page-background-meta":{"desktop":{"background-color":"var(--ast-global-color-4)","background-image":"","background-repeat":"repeat","background-position":"center center","background-size":"auto","background-attachment":"scroll","background-type":"","background-media":"","overlay-type":"","overlay-color":"","overlay-opacity":"","overlay-gradient":""},"tablet":{"background-color":"","background-image":"","background-repeat":"repeat","background-position":"center center","background-size":"auto","background-attachment":"scroll","background-type":"","background-media":"","overlay-type":"","overlay-color":"","overlay-opacity":"","overlay-gradient":""},"mobile":{"background-color":"","background-image":"","background-repeat":"repeat","background-position":"center center","background-size":"auto","background-attachment":"scroll","background-type":"","background-media":"","overlay-type":"","overlay-color":"","overlay-opacity":"","overlay-gradient":""}},"ast-content-background-meta":{"desktop":{"background-color":"var(--ast-global-color-5)","background-image":"","background-repeat":"repeat","background-position":"center center","background-size":"auto","background-attachment":"scroll","background-type":"","background-media":"","overlay-type":"","overlay-color":"","overlay-opacity":"","overlay-gradient":""},"tablet":{"background-color":"var(--ast-global-color-5)","background-image":"","background-repeat":"repeat","background-position":"center center","background-size":"auto","background-attachment":"scroll","background-type":"","background-media":"","overlay-type":"","overlay-color":"","overlay-opacity":"","overlay-gradient":""},"mobile":{"background-color":"var(--ast-global-color-5)","background-image":"","background-repeat":"repeat","background-position":"center center","background-size":"auto","background-attachment":"scroll","background-type":"","background-media":"","overlay-type":"","overlay-color":"","overlay-opacity":"","overlay-gradient":""}},"footnotes":""},"class_list":["post-1586","page","type-page","status-publish","hentry"],"_links":{"self":[{"href":"https:\/\/regioncinema.com\/en\/wp-json\/wp\/v2\/pages\/1586","targetHints":{"allow":["GET"]}}],"collection":[{"href":"https:\/\/regioncinema.com\/en\/wp-json\/wp\/v2\/pages"}],"about":[{"href":"https:\/\/regioncinema.com\/en\/wp-json\/wp\/v2\/types\/page"}],"author":[{"embeddable":true,"href":"https:\/\/regioncinema.com\/en\/wp-json\/wp\/v2\/users\/1"}],"replies":[{"embeddable":true,"href":"https:\/\/regioncinema.com\/en\/wp-json\/wp\/v2\/comments?post=1586"}],"version-history":[{"count":25,"href":"https:\/\/regioncinema.com\/en\/wp-json\/wp\/v2\/pages\/1586\/revisions"}],"predecessor-version":[{"id":2040,"href":"https:\/\/regioncinema.com\/en\/wp-json\/wp\/v2\/pages\/1586\/revisions\/2040"}],"wp:attachment":[{"href":"https:\/\/regioncinema.com\/en\/wp-json\/wp\/v2\/media?parent=1586"}],"curies":[{"name":"wp","href":"https:\/\/api.w.org\/{rel}","templated":true}]}}