{"id":1607,"date":"2023-09-29T20:52:44","date_gmt":"2023-09-29T20:52:44","guid":{"rendered":"http:\/\/regioncinema.com\/?page_id=1607"},"modified":"2025-06-12T19:32:33","modified_gmt":"2025-06-12T19:32:33","slug":"cuerpo-incomodo","status":"publish","type":"page","link":"https:\/\/regioncinema.com\/en\/cuerpo-incomodo\/","title":{"rendered":"Cuerpo incomodo"},"content":{"rendered":"<div data-elementor-type=\"wp-page\" data-elementor-id=\"1607\" class=\"elementor elementor-1607\">\n\t\t\t\t<div class=\"elementor-element elementor-element-9e1031e e-flex e-con-boxed e-con e-parent\" data-id=\"9e1031e\" data-element_type=\"container\" data-e-type=\"container\">\n\t\t\t\t\t<div class=\"e-con-inner\">\n\t\t\t\t<div class=\"elementor-element elementor-element-0d6f522 elementor-widget elementor-widget-video\" data-id=\"0d6f522\" data-element_type=\"widget\" data-e-type=\"widget\" data-settings=\"{&quot;video_type&quot;:&quot;vimeo&quot;}\" data-widget_type=\"video.default\">\n\t\t\t\t<div class=\"elementor-widget-container\">\n\t\t\t\t\t\t\t<div class=\"elementor-wrapper elementor-open-inline\">\n\t\t\t<iframe class=\"elementor-video-iframe\" allowfullscreen allow=\"clipboard-write\" title=\"Reproductor de v\u00eddeo vimeo\" src=\"https:\/\/player.vimeo.com\/video\/1079547242?color&amp;autopause=0&amp;loop=0&amp;muted=0&amp;title=1&amp;portrait=1&amp;byline=1#t=\"><\/iframe>\t\t<\/div>\n\t\t\t\t\t\t<\/div>\n\t\t\t\t<\/div>\n\t\t\t\t\t<\/div>\n\t\t\t\t<\/div>\n\t\t\t\t<section class=\"elementor-section elementor-top-section elementor-element elementor-element-iq0w7pj elementor-section-boxed elementor-section-height-default elementor-section-height-default\" data-id=\"iq0w7pj\" data-element_type=\"section\" data-e-type=\"section\" data-settings=\"{&quot;background_background&quot;:&quot;gradient&quot;}\">\n\t\t\t\t\t\t<div class=\"elementor-container elementor-column-gap-no\">\n\t\t\t\t\t<div class=\"elementor-column elementor-col-100 elementor-top-column elementor-element elementor-element-1ffc931\" data-id=\"1ffc931\" data-element_type=\"column\" data-e-type=\"column\">\n\t\t\t<div class=\"elementor-widget-wrap elementor-element-populated\">\n\t\t\t\t\t\t<section class=\"elementor-section elementor-inner-section elementor-element elementor-element-32618f3 elementor-section-boxed elementor-section-height-default elementor-section-height-default\" data-id=\"32618f3\" data-element_type=\"section\" data-e-type=\"section\">\n\t\t\t\t\t\t<div class=\"elementor-container elementor-column-gap-no\">\n\t\t\t\t\t<div class=\"elementor-column elementor-col-33 elementor-inner-column elementor-element elementor-element-1291223\" data-id=\"1291223\" data-element_type=\"column\" data-e-type=\"column\">\n\t\t\t<div class=\"elementor-widget-wrap elementor-element-populated\">\n\t\t\t\t\t\t<div class=\"elementor-element elementor-element-ba8aed1 elementor-widget elementor-widget-heading\" data-id=\"ba8aed1\" data-element_type=\"widget\" data-e-type=\"widget\" data-widget_type=\"heading.default\">\n\t\t\t\t<div class=\"elementor-widget-container\">\n\t\t\t\t\t<h2 class=\"elementor-heading-title elementor-size-default\">BODY UNCOMFORTABLE<\/h2>\t\t\t\t<\/div>\n\t\t\t\t<\/div>\n\t\t\t\t<div class=\"elementor-element elementor-element-65471a1 elementor-widget elementor-widget-text-editor\" data-id=\"65471a1\" data-element_type=\"widget\" data-e-type=\"widget\" data-widget_type=\"text-editor.default\">\n\t\t\t\t<div class=\"elementor-widget-container\">\n\t\t\t\t\t\t\t\t\t<div><b>Production house:&nbsp;<\/b>Region Cinema<\/div>\n<div><b>Producer Brazil:<\/b>&nbsp;Contraponto<\/div>\n<div><b>Script and direction:&nbsp;<\/b>Estefan\u00eda Mart\u00ednez<\/div>\n<div><b>Executive production: <\/b>JM. Sol\u00e9, Josefina Recchia y Estefan\u00eda Martinez<\/div>\n<div><strong>State:<\/strong> Development<\/div>\n<div>&nbsp;<\/div>\n<div><b>Gender: <\/b>Documental<\/div>\n<div><b>Language:<\/b> Spanish<\/div>\n<div><b>Capture format:&nbsp;<\/b>4K digital cinema<\/div>\n<div><b>Final format:&nbsp;<\/b>4K.<\/div>\n<div><b>Estimated duration:&nbsp;<\/b>90 minutes.<\/div>\t\t\t\t\t\t\t\t<\/div>\n\t\t\t\t<\/div>\n\t\t\t\t\t<\/div>\n\t\t<\/div>\n\t\t\t\t<div class=\"elementor-column elementor-col-33 elementor-inner-column elementor-element elementor-element-3e6ad22\" data-id=\"3e6ad22\" data-element_type=\"column\" data-e-type=\"column\">\n\t\t\t<div class=\"elementor-widget-wrap\">\n\t\t\t\t\t\t\t<\/div>\n\t\t<\/div>\n\t\t\t\t<div class=\"elementor-column elementor-col-33 elementor-inner-column elementor-element elementor-element-bc1c3b2\" data-id=\"bc1c3b2\" data-element_type=\"column\" data-e-type=\"column\">\n\t\t\t<div class=\"elementor-widget-wrap elementor-element-populated\">\n\t\t\t\t\t\t<div class=\"elementor-element elementor-element-7e62f1e elementor-widget elementor-widget-heading\" data-id=\"7e62f1e\" data-element_type=\"widget\" data-e-type=\"widget\" data-widget_type=\"heading.default\">\n\t\t\t\t<div class=\"elementor-widget-container\">\n\t\t\t\t\t<h2 class=\"elementor-heading-title elementor-size-default\">STORYLINE<\/h2>\t\t\t\t<\/div>\n\t\t\t\t<\/div>\n\t\t\t\t<div class=\"elementor-element elementor-element-289963f elementor-widget__width-initial elementor-widget elementor-widget-text-editor\" data-id=\"289963f\" data-element_type=\"widget\" data-e-type=\"widget\" data-widget_type=\"text-editor.default\">\n\t\t\t\t<div class=\"elementor-widget-container\">\n\t\t\t\t\t\t\t\t\t<p class=\"cvGsUA direction-ltr align-justify para-style-body\"><span class=\"OYPEnA text-decoration-none text-strikethrough-none\">Estoy en un cuerpo inc\u00f3modo, doliente, que se apaga por partes, que a veces no me deja levantar. No solo son s\u00edntomas de la esclerosis, sino mi propia realidad. Decido conocer personas que compartan mi mundo y sus historias. Ocupo largos ratos en fortalecer mi memoria. Si mi cuerpo no acompa\u00f1a, entonces, debo recordar: c\u00f3mo era caminar, tocar o sentir<\/span><\/p>\t\t\t\t\t\t\t\t<\/div>\n\t\t\t\t<\/div>\n\t\t\t\t\t<\/div>\n\t\t<\/div>\n\t\t\t\t\t<\/div>\n\t\t<\/section>\n\t\t\t\t<div class=\"elementor-element elementor-element-76bb328 elementor-widget elementor-widget-image\" data-id=\"76bb328\" data-element_type=\"widget\" data-e-type=\"widget\" data-widget_type=\"image.default\">\n\t\t\t\t<div class=\"elementor-widget-container\">\n\t\t\t\t\t\t\t\t\t\t\t\t\t\t\t<img fetchpriority=\"high\" decoding=\"async\" width=\"1920\" height=\"1080\" src=\"https:\/\/regioncinema.com\/wp-content\/uploads\/2023\/09\/CuerpoIncomodo_dossier2023-1.jpg\" class=\"attachment-full size-full wp-image-1610\" alt=\"\" srcset=\"https:\/\/regioncinema.com\/wp-content\/uploads\/2023\/09\/CuerpoIncomodo_dossier2023-1.jpg 1920w, https:\/\/regioncinema.com\/wp-content\/uploads\/2023\/09\/CuerpoIncomodo_dossier2023-1-300x169.jpg 300w, https:\/\/regioncinema.com\/wp-content\/uploads\/2023\/09\/CuerpoIncomodo_dossier2023-1-1024x576.jpg 1024w, https:\/\/regioncinema.com\/wp-content\/uploads\/2023\/09\/CuerpoIncomodo_dossier2023-1-768x432.jpg 768w, https:\/\/regioncinema.com\/wp-content\/uploads\/2023\/09\/CuerpoIncomodo_dossier2023-1-1536x864.jpg 1536w\" sizes=\"(max-width: 1920px) 100vw, 1920px\" \/>\t\t\t\t\t\t\t\t\t\t\t\t\t\t\t<\/div>\n\t\t\t\t<\/div>\n\t\t\t\t<section class=\"elementor-section elementor-inner-section elementor-element elementor-element-6525a69 elementor-section-content-bottom elementor-section-boxed elementor-section-height-default elementor-section-height-default\" data-id=\"6525a69\" data-element_type=\"section\" data-e-type=\"section\" data-settings=\"{&quot;background_background&quot;:&quot;classic&quot;}\">\n\t\t\t\t\t\t<div class=\"elementor-container elementor-column-gap-no\">\n\t\t\t\t\t<div class=\"elementor-column elementor-col-66 elementor-inner-column elementor-element elementor-element-6513d9e\" data-id=\"6513d9e\" data-element_type=\"column\" data-e-type=\"column\">\n\t\t\t<div class=\"elementor-widget-wrap elementor-element-populated\">\n\t\t\t\t\t\t<div class=\"elementor-element elementor-element-3bf17b2 elementor-view-default elementor-widget elementor-widget-icon\" data-id=\"3bf17b2\" data-element_type=\"widget\" data-e-type=\"widget\" data-widget_type=\"icon.default\">\n\t\t\t\t<div class=\"elementor-widget-container\">\n\t\t\t\t\t\t\t<div class=\"elementor-icon-wrapper\">\n\t\t\t<div class=\"elementor-icon\">\n\t\t\t<i aria-hidden=\"true\" class=\"fas fa-quote-left\"><\/i>\t\t\t<\/div>\n\t\t<\/div>\n\t\t\t\t\t\t<\/div>\n\t\t\t\t<\/div>\n\t\t\t\t<div class=\"elementor-element elementor-element-da345d0 elementor-widget elementor-widget-testimonial\" data-id=\"da345d0\" data-element_type=\"widget\" data-e-type=\"widget\" data-widget_type=\"testimonial.default\">\n\t\t\t\t<div class=\"elementor-widget-container\">\n\t\t\t\t\t\t\t<div class=\"elementor-testimonial-wrapper\">\n\t\t\t\t\t\t\t<div class=\"elementor-testimonial-content\">Todos vivimos con incertidumbre, solo que a m\u00ed me avisaron<\/div>\n\t\t\t\n\t\t\t\t\t\t<div class=\"elementor-testimonial-meta\">\n\t\t\t\t<div class=\"elementor-testimonial-meta-inner\">\n\t\t\t\t\t\n\t\t\t\t\t\t\t\t\t\t<div class=\"elementor-testimonial-details\">\n\t\t\t\t\t\t\t\t\t\t\t\t\t\t<div class=\"elementor-testimonial-name\">Logline<\/div>\n\t\t\t\t\t\t\t\t\t\t\t\t\t\t\t\t\t\t\t\t\t\t<div class=\"elementor-testimonial-job\">Cuerpo Inc\u00f3modo<\/div>\n\t\t\t\t\t\t\t\t\t\t\t\t\t<\/div>\n\t\t\t\t\t\t\t\t\t<\/div>\n\t\t\t<\/div>\n\t\t\t\t\t<\/div>\n\t\t\t\t\t\t<\/div>\n\t\t\t\t<\/div>\n\t\t\t\t\t<\/div>\n\t\t<\/div>\n\t\t\t\t<div class=\"elementor-column elementor-col-33 elementor-inner-column elementor-element elementor-element-0629735\" data-id=\"0629735\" data-element_type=\"column\" data-e-type=\"column\">\n\t\t\t<div class=\"elementor-widget-wrap elementor-element-populated\">\n\t\t\t\t\t\t<div class=\"elementor-element elementor-element-21dc2cd elementor-align-center elementor-widget elementor-widget-button\" data-id=\"21dc2cd\" data-element_type=\"widget\" data-e-type=\"widget\" data-widget_type=\"button.default\">\n\t\t\t\t<div class=\"elementor-widget-container\">\n\t\t\t\t\t\t\t\t\t<div class=\"elementor-button-wrapper\">\n\t\t\t\t\t<a class=\"elementor-button elementor-button-link elementor-size-sm\" href=\"http:\/\/production@regioncinem.com\">\n\t\t\t\t\t\t<span class=\"elementor-button-content-wrapper\">\n\t\t\t\t\t\t\t\t\t<span class=\"elementor-button-text\">Dossier compelto<\/span>\n\t\t\t\t\t<\/span>\n\t\t\t\t\t<\/a>\n\t\t\t\t<\/div>\n\t\t\t\t\t\t\t\t<\/div>\n\t\t\t\t<\/div>\n\t\t\t\t\t<\/div>\n\t\t<\/div>\n\t\t\t\t\t<\/div>\n\t\t<\/section>\n\t\t\t\t\t<\/div>\n\t\t<\/div>\n\t\t\t\t\t<\/div>\n\t\t<\/section>\n\t\t\t\t<section class=\"elementor-section elementor-top-section elementor-element elementor-element-lvgp1ck elementor-section-boxed elementor-section-height-default elementor-section-height-default\" data-id=\"lvgp1ck\" data-element_type=\"section\" data-e-type=\"section\" data-settings=\"{&quot;background_background&quot;:&quot;classic&quot;}\">\n\t\t\t\t\t\t<div class=\"elementor-container elementor-column-gap-no\">\n\t\t\t\t\t<div class=\"elementor-column elementor-col-50 elementor-top-column elementor-element elementor-element-2d1ac2a\" data-id=\"2d1ac2a\" data-element_type=\"column\" data-e-type=\"column\">\n\t\t\t<div class=\"elementor-widget-wrap elementor-element-populated\">\n\t\t\t\t\t\t<section class=\"elementor-section elementor-inner-section elementor-element elementor-element-5136502 elementor-section-boxed elementor-section-height-default elementor-section-height-default\" data-id=\"5136502\" data-element_type=\"section\" data-e-type=\"section\">\n\t\t\t\t\t\t<div class=\"elementor-container elementor-column-gap-no\">\n\t\t\t\t\t<div class=\"elementor-column elementor-col-100 elementor-inner-column elementor-element elementor-element-68f1a49\" data-id=\"68f1a49\" data-element_type=\"column\" data-e-type=\"column\">\n\t\t\t<div class=\"elementor-widget-wrap elementor-element-populated\">\n\t\t\t\t\t\t<div class=\"elementor-element elementor-element-5b1cb44 elementor-widget elementor-widget-image\" data-id=\"5b1cb44\" data-element_type=\"widget\" data-e-type=\"widget\" data-widget_type=\"image.default\">\n\t\t\t\t<div class=\"elementor-widget-container\">\n\t\t\t\t\t\t\t\t\t\t\t\t\t\t\t<img decoding=\"async\" width=\"800\" height=\"342\" src=\"https:\/\/regioncinema.com\/wp-content\/uploads\/2023\/09\/ci_02.jpg\" class=\"attachment-full size-full wp-image-1611\" alt=\"\" srcset=\"https:\/\/regioncinema.com\/wp-content\/uploads\/2023\/09\/ci_02.jpg 800w, https:\/\/regioncinema.com\/wp-content\/uploads\/2023\/09\/ci_02-300x128.jpg 300w, https:\/\/regioncinema.com\/wp-content\/uploads\/2023\/09\/ci_02-768x328.jpg 768w\" sizes=\"(max-width: 800px) 100vw, 800px\" \/>\t\t\t\t\t\t\t\t\t\t\t\t\t\t\t<\/div>\n\t\t\t\t<\/div>\n\t\t\t\t<div class=\"elementor-element elementor-element-1f82ea3 elementor-widget elementor-widget-heading\" data-id=\"1f82ea3\" data-element_type=\"widget\" data-e-type=\"widget\" data-widget_type=\"heading.default\">\n\t\t\t\t<div class=\"elementor-widget-container\">\n\t\t\t\t\t<h3 class=\"elementor-heading-title elementor-size-default\">Markets and laboratories<\/h3>\t\t\t\t<\/div>\n\t\t\t\t<\/div>\n\t\t\t\t\t<\/div>\n\t\t<\/div>\n\t\t\t\t\t<\/div>\n\t\t<\/section>\n\t\t\t\t<div class=\"elementor-element elementor-element-be5ab40 elementor-widget elementor-widget-text-editor\" data-id=\"be5ab40\" data-element_type=\"widget\" data-e-type=\"widget\" data-widget_type=\"text-editor.default\">\n\t\t\t\t<div class=\"elementor-widget-container\">\n\t\t\t\t\t\t\t\t\t<ul><li><span class=\"OYPEnA text-decoration-none text-strikethrough-none\">Official selection, market, and lab FAM, a meeting of MERCOSUR.<\/span><\/li><li><span class=\"OYPEnA text-decoration-none text-strikethrough-none\">Official selection in the workshop script AtlenticDoc 2023<\/span><\/li><li><span class=\"OYPEnA text-decoration-none text-strikethrough-none\">Selecci\u00f3n Oficial Documental Cient\u00edfico Doc. Sur Ventana Sur<\/span><\/li><li><span class=\"OYPEnA text-decoration-none text-strikethrough-none\">Menci\u00f3n especial<\/span><\/li><li><span class=\"OYPEnA text-decoration-none text-strikethrough-none\">Seleccionado para el programa Puentes EAVE 2022<\/span><\/li><\/ul>\t\t\t\t\t\t\t\t<\/div>\n\t\t\t\t<\/div>\n\t\t\t\t\t<\/div>\n\t\t<\/div>\n\t\t\t\t<div class=\"elementor-column elementor-col-50 elementor-top-column elementor-element elementor-element-b78980b\" data-id=\"b78980b\" data-element_type=\"column\" data-e-type=\"column\">\n\t\t\t<div class=\"elementor-widget-wrap elementor-element-populated\">\n\t\t\t\t\t\t<section class=\"elementor-section elementor-inner-section elementor-element elementor-element-ffbad05 elementor-section-boxed elementor-section-height-default elementor-section-height-default\" data-id=\"ffbad05\" data-element_type=\"section\" data-e-type=\"section\">\n\t\t\t\t\t\t<div class=\"elementor-container elementor-column-gap-no\">\n\t\t\t\t\t<div class=\"elementor-column elementor-col-100 elementor-inner-column elementor-element elementor-element-2567324\" data-id=\"2567324\" data-element_type=\"column\" data-e-type=\"column\">\n\t\t\t<div class=\"elementor-widget-wrap elementor-element-populated\">\n\t\t\t\t\t\t<div class=\"elementor-element elementor-element-4f55cd2 elementor-widget elementor-widget-image\" data-id=\"4f55cd2\" data-element_type=\"widget\" data-e-type=\"widget\" data-widget_type=\"image.default\">\n\t\t\t\t<div class=\"elementor-widget-container\">\n\t\t\t\t\t\t\t\t\t\t\t\t\t\t\t<img decoding=\"async\" src=\"http:\/\/regioncinema.com\/wp-content\/uploads\/2023\/09\/ci_03.jpg\" title=\"\" alt=\"\" loading=\"lazy\" \/>\t\t\t\t\t\t\t\t\t\t\t\t\t\t\t<\/div>\n\t\t\t\t<\/div>\n\t\t\t\t<div class=\"elementor-element elementor-element-c4fbf03 elementor-widget elementor-widget-heading\" data-id=\"c4fbf03\" data-element_type=\"widget\" data-e-type=\"widget\" data-widget_type=\"heading.default\">\n\t\t\t\t<div class=\"elementor-widget-container\">\n\t\t\t\t\t<h3 class=\"elementor-heading-title elementor-size-default\">News and awards<\/h3>\t\t\t\t<\/div>\n\t\t\t\t<\/div>\n\t\t\t\t<div class=\"elementor-element elementor-element-220d76e elementor-widget elementor-widget-text-editor\" data-id=\"220d76e\" data-element_type=\"widget\" data-e-type=\"widget\" data-widget_type=\"text-editor.default\">\n\t\t\t\t<div class=\"elementor-widget-container\">\n\t\t\t\t\t\t\t\t\t<ul><li><span class=\"OYPEnA text-decoration-none text-strikethrough-none\">Declarado de inter\u00e9s por el Ministerio de Salud.<\/span><\/li><li><span class=\"OYPEnA text-decoration-none text-strikethrough-none\">Gana los Premio FIC en categor\u00eda largometraje documenta<\/span><\/li><li><span class=\"OYPEnA text-decoration-none text-strikethrough-none\">Premio Impulsar Salud, para desarrollo de proyectos con alto impacto en el sistema de salud<\/span><\/li><li><span class=\"OYPEnA text-decoration-none text-strikethrough-none\">Apoyo de organizaciones de pacientes. EMUR Uruguay y EMA Argentina<\/span><\/li><\/ul><p>More news.\u00a0<\/p>\t\t\t\t\t\t\t\t<\/div>\n\t\t\t\t<\/div>\n\t\t\t\t\t<\/div>\n\t\t<\/div>\n\t\t\t\t\t<\/div>\n\t\t<\/section>\n\t\t\t\t\t<\/div>\n\t\t<\/div>\n\t\t\t\t\t<\/div>\n\t\t<\/section>\n\t\t\t\t<\/div>","protected":false},"excerpt":{"rendered":"<p>CUERPO INC\u00d3MODO Casa productora:&nbsp;Regi\u00f3n Cinema Productora Brasil:&nbsp;Contraponto Gui\u00f3n y direcci\u00f3n:&nbsp;Estefan\u00eda Mart\u00ednez Producci\u00f3n ejecutiva: JM. Sol\u00e9, Josefina Recchia y Estefan\u00eda Martinez Estado: Desarrollo &nbsp; G\u00e9nero: Documental Idioma: Espa\u00f1ol Formato de captura:&nbsp;Cine digital 4K Formato final:&nbsp;4K. Duraci\u00f3n estimada:&nbsp;90 minutos. STORYLINE Estoy en un cuerpo inc\u00f3modo, doliente, que se apaga por partes, que a veces no me deja [&hellip;]<\/p>\n","protected":false},"author":1,"featured_media":0,"parent":0,"menu_order":0,"comment_status":"closed","ping_status":"closed","template":"","meta":{"site-sidebar-layout":"no-sidebar","site-content-layout":"page-builder","ast-site-content-layout":"full-width-container","site-content-style":"default","site-sidebar-style":"default","ast-global-header-display":"","ast-banner-title-visibility":"","ast-main-header-display":"","ast-hfb-above-header-display":"","ast-hfb-below-header-display":"","ast-hfb-mobile-header-display":"","site-post-title":"disabled","ast-breadcrumbs-content":"","ast-featured-img":"disabled","footer-sml-layout":"","ast-disable-related-posts":"","theme-transparent-header-meta":"","adv-header-id-meta":"","stick-header-meta":"","header-above-stick-meta":"","header-main-stick-meta":"","header-below-stick-meta":"","astra-migrate-meta-layouts":"set","ast-page-background-enabled":"default","ast-page-background-meta":{"desktop":{"background-color":"var(--ast-global-color-4)","background-image":"","background-repeat":"repeat","background-position":"center center","background-size":"auto","background-attachment":"scroll","background-type":"","background-media":"","overlay-type":"","overlay-color":"","overlay-opacity":"","overlay-gradient":""},"tablet":{"background-color":"","background-image":"","background-repeat":"repeat","background-position":"center center","background-size":"auto","background-attachment":"scroll","background-type":"","background-media":"","overlay-type":"","overlay-color":"","overlay-opacity":"","overlay-gradient":""},"mobile":{"background-color":"","background-image":"","background-repeat":"repeat","background-position":"center center","background-size":"auto","background-attachment":"scroll","background-type":"","background-media":"","overlay-type":"","overlay-color":"","overlay-opacity":"","overlay-gradient":""}},"ast-content-background-meta":{"desktop":{"background-color":"var(--ast-global-color-5)","background-image":"","background-repeat":"repeat","background-position":"center center","background-size":"auto","background-attachment":"scroll","background-type":"","background-media":"","overlay-type":"","overlay-color":"","overlay-opacity":"","overlay-gradient":""},"tablet":{"background-color":"var(--ast-global-color-5)","background-image":"","background-repeat":"repeat","background-position":"center center","background-size":"auto","background-attachment":"scroll","background-type":"","background-media":"","overlay-type":"","overlay-color":"","overlay-opacity":"","overlay-gradient":""},"mobile":{"background-color":"var(--ast-global-color-5)","background-image":"","background-repeat":"repeat","background-position":"center center","background-size":"auto","background-attachment":"scroll","background-type":"","background-media":"","overlay-type":"","overlay-color":"","overlay-opacity":"","overlay-gradient":""}},"footnotes":""},"class_list":["post-1607","page","type-page","status-publish","hentry"],"_links":{"self":[{"href":"https:\/\/regioncinema.com\/en\/wp-json\/wp\/v2\/pages\/1607","targetHints":{"allow":["GET"]}}],"collection":[{"href":"https:\/\/regioncinema.com\/en\/wp-json\/wp\/v2\/pages"}],"about":[{"href":"https:\/\/regioncinema.com\/en\/wp-json\/wp\/v2\/types\/page"}],"author":[{"embeddable":true,"href":"https:\/\/regioncinema.com\/en\/wp-json\/wp\/v2\/users\/1"}],"replies":[{"embeddable":true,"href":"https:\/\/regioncinema.com\/en\/wp-json\/wp\/v2\/comments?post=1607"}],"version-history":[{"count":28,"href":"https:\/\/regioncinema.com\/en\/wp-json\/wp\/v2\/pages\/1607\/revisions"}],"predecessor-version":[{"id":2016,"href":"https:\/\/regioncinema.com\/en\/wp-json\/wp\/v2\/pages\/1607\/revisions\/2016"}],"wp:attachment":[{"href":"https:\/\/regioncinema.com\/en\/wp-json\/wp\/v2\/media?parent=1607"}],"curies":[{"name":"wp","href":"https:\/\/api.w.org\/{rel}","templated":true}]}}