{"id":1963,"date":"2024-06-03T13:59:26","date_gmt":"2024-06-03T13:59:26","guid":{"rendered":"http:\/\/regioncinema.com\/?page_id=1963"},"modified":"2025-09-02T20:44:22","modified_gmt":"2025-09-02T20:44:22","slug":"elrobodelara","status":"publish","type":"page","link":"https:\/\/regioncinema.com\/en\/elrobodelara\/","title":{"rendered":"El Robo de Lara"},"content":{"rendered":"<div data-elementor-type=\"wp-page\" data-elementor-id=\"1963\" class=\"elementor elementor-1963\">\n\t\t\t\t<div class=\"elementor-element elementor-element-9e1031e e-flex e-con-boxed e-con e-parent\" data-id=\"9e1031e\" data-element_type=\"container\" data-e-type=\"container\">\n\t\t\t\t\t<div class=\"e-con-inner\">\n\t\t\t\t<div class=\"elementor-element elementor-element-026ddb2 elementor-widget elementor-widget-video\" data-id=\"026ddb2\" data-element_type=\"widget\" data-e-type=\"widget\" data-settings=\"{&quot;video_type&quot;:&quot;vimeo&quot;}\" data-widget_type=\"video.default\">\n\t\t\t\t<div class=\"elementor-widget-container\">\n\t\t\t\t\t\t\t<div class=\"elementor-wrapper elementor-open-inline\">\n\t\t\t<iframe class=\"elementor-video-iframe\" allowfullscreen allow=\"clipboard-write\" title=\"Reproductor de v\u00eddeo vimeo\" src=\"https:\/\/player.vimeo.com\/video\/1053648772?color&amp;autopause=0&amp;loop=0&amp;muted=0&amp;title=1&amp;portrait=1&amp;byline=1#t=\"><\/iframe>\t\t<\/div>\n\t\t\t\t\t\t<\/div>\n\t\t\t\t<\/div>\n\t\t\t\t\t<\/div>\n\t\t\t\t<\/div>\n\t\t\t\t<section class=\"elementor-section elementor-top-section elementor-element elementor-element-iq0w7pj elementor-section-boxed elementor-section-height-default elementor-section-height-default\" data-id=\"iq0w7pj\" data-element_type=\"section\" data-e-type=\"section\" data-settings=\"{&quot;background_background&quot;:&quot;gradient&quot;}\">\n\t\t\t\t\t\t<div class=\"elementor-container elementor-column-gap-no\">\n\t\t\t\t\t<div class=\"elementor-column elementor-col-100 elementor-top-column elementor-element elementor-element-1ffc931\" data-id=\"1ffc931\" data-element_type=\"column\" data-e-type=\"column\">\n\t\t\t<div class=\"elementor-widget-wrap elementor-element-populated\">\n\t\t\t\t\t\t<section class=\"elementor-section elementor-inner-section elementor-element elementor-element-32618f3 elementor-section-boxed elementor-section-height-default elementor-section-height-default\" data-id=\"32618f3\" data-element_type=\"section\" data-e-type=\"section\">\n\t\t\t\t\t\t<div class=\"elementor-container elementor-column-gap-no\">\n\t\t\t\t\t<div class=\"elementor-column elementor-col-33 elementor-inner-column elementor-element elementor-element-1291223\" data-id=\"1291223\" data-element_type=\"column\" data-e-type=\"column\">\n\t\t\t<div class=\"elementor-widget-wrap elementor-element-populated\">\n\t\t\t\t\t\t<div class=\"elementor-element elementor-element-ba8aed1 elementor-widget elementor-widget-heading\" data-id=\"ba8aed1\" data-element_type=\"widget\" data-e-type=\"widget\" data-widget_type=\"heading.default\">\n\t\t\t\t<div class=\"elementor-widget-container\">\n\t\t\t\t\t<h2 class=\"elementor-heading-title elementor-size-default\">EL ROBO DE LARA<\/h2>\t\t\t\t<\/div>\n\t\t\t\t<\/div>\n\t\t\t\t<div class=\"elementor-element elementor-element-65471a1 elementor-widget elementor-widget-text-editor\" data-id=\"65471a1\" data-element_type=\"widget\" data-e-type=\"widget\" data-widget_type=\"text-editor.default\">\n\t\t\t\t<div class=\"elementor-widget-container\">\n\t\t\t\t\t\t\t\t\t<div><p class=\"cvGsUA direction-ltr align-justify para-style-body\"><span class=\"OYPEnA text-decoration-none text-strikethrough-none\">Nombre: El Robo de Lara<\/span><\/p><p class=\"cvGsUA direction-ltr align-justify para-style-body\"><span class=\"OYPEnA text-decoration-none text-strikethrough-none\">Empresa productora Uruguay: Regi\u00f3n Cinema<\/span><\/p><p class=\"cvGsUA direction-ltr align-justify para-style-body\"><span class=\"OYPEnA text-decoration-none text-strikethrough-none\">Empresa asociada de videjuegos: Monkey Null<\/span><\/p><p class=\"cvGsUA direction-ltr align-justify para-style-body\"><span class=\"OYPEnA text-decoration-none text-strikethrough-none\">Formato de cpatura: 6k<\/span><\/p><p class=\"cvGsUA direction-ltr align-justify para-style-body\"><span class=\"OYPEnA text-decoration-none text-strikethrough-none\">Duraci\u00f3n de pel\u00edcula: 90 minitos<\/span><\/p><p class=\"cvGsUA direction-ltr align-justify para-style-body\"><span class=\"OYPEnA text-decoration-none text-strikethrough-none\">Duraci\u00f3n de juego:<\/span> <span class=\"OYPEnA text-decoration-none text-strikethrough-none\">300 minutos<\/span><\/p><p>Estado: Desarrollo<\/p><\/div><div>\u00a0<\/div><div><b>Gender: <\/b>Thriller psicol\u00f3gico<\/div><div><b>Language:<\/b> Spanish\u00a0\u00a0<\/div><div><b>Capture format:\u00a0<\/b>Digital cinema 6K<\/div><div><b>Final format:\u00a0<\/b>4K.<\/div><div>\u00a0<\/div>\t\t\t\t\t\t\t\t<\/div>\n\t\t\t\t<\/div>\n\t\t\t\t\t<\/div>\n\t\t<\/div>\n\t\t\t\t<div class=\"elementor-column elementor-col-33 elementor-inner-column elementor-element elementor-element-3e6ad22\" data-id=\"3e6ad22\" data-element_type=\"column\" data-e-type=\"column\">\n\t\t\t<div class=\"elementor-widget-wrap\">\n\t\t\t\t\t\t\t<\/div>\n\t\t<\/div>\n\t\t\t\t<div class=\"elementor-column elementor-col-33 elementor-inner-column elementor-element elementor-element-bc1c3b2\" data-id=\"bc1c3b2\" data-element_type=\"column\" data-e-type=\"column\">\n\t\t\t<div class=\"elementor-widget-wrap elementor-element-populated\">\n\t\t\t\t\t\t<div class=\"elementor-element elementor-element-7e62f1e elementor-widget elementor-widget-heading\" data-id=\"7e62f1e\" data-element_type=\"widget\" data-e-type=\"widget\" data-widget_type=\"heading.default\">\n\t\t\t\t<div class=\"elementor-widget-container\">\n\t\t\t\t\t<h2 class=\"elementor-heading-title elementor-size-default\">STORYLINE<\/h2>\t\t\t\t<\/div>\n\t\t\t\t<\/div>\n\t\t\t\t<div class=\"elementor-element elementor-element-289963f elementor-widget__width-initial elementor-widget elementor-widget-text-editor\" data-id=\"289963f\" data-element_type=\"widget\" data-e-type=\"widget\" data-widget_type=\"text-editor.default\">\n\t\t\t\t<div class=\"elementor-widget-container\">\n\t\t\t\t\t\t\t\t\t<p><span class=\"a_GcMg font-feature-liga-off font-feature-clig-off font-feature-calt-off text-decoration-none text-strikethrough-none\" style=\"color: rgba(247,244,250,var(--o42jjq,1)); caret-color: #f7f4fa; --ys-xuq: none; font-kerning: none;\">Lara deja caer el pelo verde sobre su espalda por \u00faltima vez. Se despide en streaming de Mizuki, personaje que la hizo popular en el mundo del cosplay rioplatense. Pero cuando decide dejarla atr\u00e1s, una r\u00e9plica digital id\u00e9ntica ocupa su lugar en redes y comienza a invadir su vida real. En un mundo donde convivimos con m\u00faltiples identidades, Lara descubre que perder el control de la suya puede ser fatal.<\/span><\/p>\t\t\t\t\t\t\t\t<\/div>\n\t\t\t\t<\/div>\n\t\t\t\t<div class=\"elementor-element elementor-element-ad79769 elementor-widget elementor-widget-heading\" data-id=\"ad79769\" data-element_type=\"widget\" data-e-type=\"widget\" data-widget_type=\"heading.default\">\n\t\t\t\t<div class=\"elementor-widget-container\">\n\t\t\t\t\t<h2 class=\"elementor-heading-title elementor-size-default\">\u00bfQU\u00c9 BUSCAMOS? <\/h2>\t\t\t\t<\/div>\n\t\t\t\t<\/div>\n\t\t\t\t<div class=\"elementor-element elementor-element-f8beb39 elementor-widget__width-initial elementor-widget elementor-widget-text-editor\" data-id=\"f8beb39\" data-element_type=\"widget\" data-e-type=\"widget\" data-widget_type=\"text-editor.default\">\n\t\t\t\t<div class=\"elementor-widget-container\">\n\t\t\t\t\t\t\t\t\t<p class=\"cvGsUA direction-ltr align-justify para-style-body\"><span class=\"a_GcMg font-feature-liga-off font-feature-clig-off font-feature-calt-off text-decoration-none text-strikethrough-none\">Buscamos un coproductor internacional o plataforma, idealmente espa\u00f1ol, siendo que Guillermo, el coprotagonista de la historia, es un inmigrante viviendo en Uruguay. Adem\u00e1s del largometraje, el proyecto desarrolla una narrativa transmedia que continua el caso en un videojuego. En este momento trabajando en el prototipo con el estudio Monkey Null.<\/span><\/p>\t\t\t\t\t\t\t\t<\/div>\n\t\t\t\t<\/div>\n\t\t\t\t\t<\/div>\n\t\t<\/div>\n\t\t\t\t\t<\/div>\n\t\t<\/section>\n\t\t\t\t<div class=\"elementor-element elementor-element-76bb328 elementor-widget elementor-widget-image\" data-id=\"76bb328\" data-element_type=\"widget\" data-e-type=\"widget\" data-widget_type=\"image.default\">\n\t\t\t\t<div class=\"elementor-widget-container\">\n\t\t\t\t\t\t\t\t\t\t\t\t\t\t\t<img fetchpriority=\"high\" decoding=\"async\" width=\"1920\" height=\"1080\" src=\"https:\/\/regioncinema.com\/wp-content\/uploads\/2025\/09\/Image_lara-1.png\" class=\"attachment-full size-full wp-image-2041\" alt=\"\" srcset=\"https:\/\/regioncinema.com\/wp-content\/uploads\/2025\/09\/Image_lara-1.png 1920w, https:\/\/regioncinema.com\/wp-content\/uploads\/2025\/09\/Image_lara-1-300x169.png 300w, https:\/\/regioncinema.com\/wp-content\/uploads\/2025\/09\/Image_lara-1-1024x576.png 1024w, https:\/\/regioncinema.com\/wp-content\/uploads\/2025\/09\/Image_lara-1-768x432.png 768w, https:\/\/regioncinema.com\/wp-content\/uploads\/2025\/09\/Image_lara-1-1536x864.png 1536w, https:\/\/regioncinema.com\/wp-content\/uploads\/2025\/09\/Image_lara-1-18x10.png 18w\" sizes=\"(max-width: 1920px) 100vw, 1920px\" \/>\t\t\t\t\t\t\t\t\t\t\t\t\t\t\t<\/div>\n\t\t\t\t<\/div>\n\t\t\t\t<section class=\"elementor-section elementor-inner-section elementor-element elementor-element-6525a69 elementor-section-content-bottom elementor-section-boxed elementor-section-height-default elementor-section-height-default\" data-id=\"6525a69\" data-element_type=\"section\" data-e-type=\"section\" data-settings=\"{&quot;background_background&quot;:&quot;classic&quot;}\">\n\t\t\t\t\t\t<div class=\"elementor-container elementor-column-gap-no\">\n\t\t\t\t\t<div class=\"elementor-column elementor-col-50 elementor-inner-column elementor-element elementor-element-6513d9e\" data-id=\"6513d9e\" data-element_type=\"column\" data-e-type=\"column\">\n\t\t\t<div class=\"elementor-widget-wrap elementor-element-populated\">\n\t\t\t\t\t\t<div class=\"elementor-element elementor-element-da345d0 elementor-widget elementor-widget-testimonial\" data-id=\"da345d0\" data-element_type=\"widget\" data-e-type=\"widget\" data-widget_type=\"testimonial.default\">\n\t\t\t\t<div class=\"elementor-widget-container\">\n\t\t\t\t\t\t\t<div class=\"elementor-testimonial-wrapper\">\n\t\t\t\t\t\t\t<div class=\"elementor-testimonial-content\">Proyecto ANII: El proyecto es seleccionado por la Agencia Nacional de Investigaci\u00f3n e Innovaci\u00f3n del Uruguay es su programa de innovaci\u00f3n y emprendimiento. \u201cA trav\u00e9s del proyecto se busca ofrecer una narrativa innovadora para la industria del entretenimiento\u201d coment\u00f3 el comit\u00e9 de selecci\u00f3n. <\/div>\n\t\t\t\n\t\t\t\t\t<\/div>\n\t\t\t\t\t\t<\/div>\n\t\t\t\t<\/div>\n\t\t\t\t\t<\/div>\n\t\t<\/div>\n\t\t\t\t<div class=\"elementor-column elementor-col-50 elementor-inner-column elementor-element elementor-element-7ab3e5a\" data-id=\"7ab3e5a\" data-element_type=\"column\" data-e-type=\"column\">\n\t\t\t<div class=\"elementor-widget-wrap elementor-element-populated\">\n\t\t\t\t\t\t<div class=\"elementor-element elementor-element-6f3a835 elementor-widget elementor-widget-image\" data-id=\"6f3a835\" data-element_type=\"widget\" data-e-type=\"widget\" data-widget_type=\"image.default\">\n\t\t\t\t<div class=\"elementor-widget-container\">\n\t\t\t\t\t\t\t\t\t\t\t\t\t\t\t<img decoding=\"async\" width=\"943\" height=\"429\" src=\"https:\/\/regioncinema.com\/wp-content\/uploads\/2024\/06\/LOGOTIPO-PROYECTO-ANII_NEGRO.png\" class=\"attachment-large size-large wp-image-1966\" alt=\"\" srcset=\"https:\/\/regioncinema.com\/wp-content\/uploads\/2024\/06\/LOGOTIPO-PROYECTO-ANII_NEGRO.png 943w, https:\/\/regioncinema.com\/wp-content\/uploads\/2024\/06\/LOGOTIPO-PROYECTO-ANII_NEGRO-300x136.png 300w, https:\/\/regioncinema.com\/wp-content\/uploads\/2024\/06\/LOGOTIPO-PROYECTO-ANII_NEGRO-768x349.png 768w, https:\/\/regioncinema.com\/wp-content\/uploads\/2024\/06\/LOGOTIPO-PROYECTO-ANII_NEGRO-18x8.png 18w\" sizes=\"(max-width: 943px) 100vw, 943px\" \/>\t\t\t\t\t\t\t\t\t\t\t\t\t\t\t<\/div>\n\t\t\t\t<\/div>\n\t\t<div class=\"elementor-element elementor-element-149dadc e-flex e-con-boxed e-con e-parent\" data-id=\"149dadc\" data-element_type=\"container\" data-e-type=\"container\">\n\t\t\t\t\t<div class=\"e-con-inner\">\n\t\t\t\t<div class=\"elementor-element elementor-element-4ba2ea5 elementor-widget-divider--view-line elementor-widget elementor-widget-divider\" data-id=\"4ba2ea5\" data-element_type=\"widget\" data-e-type=\"widget\" data-widget_type=\"divider.default\">\n\t\t\t\t<div class=\"elementor-widget-container\">\n\t\t\t\t\t\t\t<div class=\"elementor-divider\">\n\t\t\t<span class=\"elementor-divider-separator\">\n\t\t\t\t\t\t<\/span>\n\t\t<\/div>\n\t\t\t\t\t\t<\/div>\n\t\t\t\t<\/div>\n\t\t\t\t\t<\/div>\n\t\t\t\t<\/div>\n\t\t\t\t\t<\/div>\n\t\t<\/div>\n\t\t\t\t\t<\/div>\n\t\t<\/section>\n\t\t\t\t\t<\/div>\n\t\t<\/div>\n\t\t\t\t\t<\/div>\n\t\t<\/section>\n\t\t\t\t<\/div>","protected":false},"excerpt":{"rendered":"<p>EL ROBO DE LARA Nombre: El Robo de Lara Empresa productora Uruguay: Regi\u00f3n Cinema Empresa asociada de videjuegos: Monkey Null Formato de cpatura: 6k Duraci\u00f3n de pel\u00edcula: 90 minitos Duraci\u00f3n de juego: 300 minutos Estado: Desarrollo \u00a0G\u00e9nero: Thriller psicol\u00f3gicoIdioma \/ Language: Espa\u00f1ol\u00a0\u00a0Formato de captura:\u00a0Cine digital 6KFormato final:\u00a04K.\u00a0 STORYLINE Lara deja caer el pelo verde sobre [&hellip;]<\/p>\n","protected":false},"author":1,"featured_media":0,"parent":0,"menu_order":0,"comment_status":"closed","ping_status":"closed","template":"","meta":{"site-sidebar-layout":"no-sidebar","site-content-layout":"page-builder","ast-site-content-layout":"full-width-container","site-content-style":"default","site-sidebar-style":"default","ast-global-header-display":"","ast-banner-title-visibility":"","ast-main-header-display":"","ast-hfb-above-header-display":"","ast-hfb-below-header-display":"","ast-hfb-mobile-header-display":"","site-post-title":"disabled","ast-breadcrumbs-content":"","ast-featured-img":"disabled","footer-sml-layout":"","ast-disable-related-posts":"","theme-transparent-header-meta":"","adv-header-id-meta":"","stick-header-meta":"","header-above-stick-meta":"","header-main-stick-meta":"","header-below-stick-meta":"","astra-migrate-meta-layouts":"set","ast-page-background-enabled":"default","ast-page-background-meta":{"desktop":{"background-color":"var(--ast-global-color-4)","background-image":"","background-repeat":"repeat","background-position":"center center","background-size":"auto","background-attachment":"scroll","background-type":"","background-media":"","overlay-type":"","overlay-color":"","overlay-opacity":"","overlay-gradient":""},"tablet":{"background-color":"","background-image":"","background-repeat":"repeat","background-position":"center center","background-size":"auto","background-attachment":"scroll","background-type":"","background-media":"","overlay-type":"","overlay-color":"","overlay-opacity":"","overlay-gradient":""},"mobile":{"background-color":"","background-image":"","background-repeat":"repeat","background-position":"center center","background-size":"auto","background-attachment":"scroll","background-type":"","background-media":"","overlay-type":"","overlay-color":"","overlay-opacity":"","overlay-gradient":""}},"ast-content-background-meta":{"desktop":{"background-color":"var(--ast-global-color-5)","background-image":"","background-repeat":"repeat","background-position":"center center","background-size":"auto","background-attachment":"scroll","background-type":"","background-media":"","overlay-type":"","overlay-color":"","overlay-opacity":"","overlay-gradient":""},"tablet":{"background-color":"var(--ast-global-color-5)","background-image":"","background-repeat":"repeat","background-position":"center center","background-size":"auto","background-attachment":"scroll","background-type":"","background-media":"","overlay-type":"","overlay-color":"","overlay-opacity":"","overlay-gradient":""},"mobile":{"background-color":"var(--ast-global-color-5)","background-image":"","background-repeat":"repeat","background-position":"center center","background-size":"auto","background-attachment":"scroll","background-type":"","background-media":"","overlay-type":"","overlay-color":"","overlay-opacity":"","overlay-gradient":""}},"footnotes":""},"class_list":["post-1963","page","type-page","status-publish","hentry"],"_links":{"self":[{"href":"https:\/\/regioncinema.com\/en\/wp-json\/wp\/v2\/pages\/1963","targetHints":{"allow":["GET"]}}],"collection":[{"href":"https:\/\/regioncinema.com\/en\/wp-json\/wp\/v2\/pages"}],"about":[{"href":"https:\/\/regioncinema.com\/en\/wp-json\/wp\/v2\/types\/page"}],"author":[{"embeddable":true,"href":"https:\/\/regioncinema.com\/en\/wp-json\/wp\/v2\/users\/1"}],"replies":[{"embeddable":true,"href":"https:\/\/regioncinema.com\/en\/wp-json\/wp\/v2\/comments?post=1963"}],"version-history":[{"count":10,"href":"https:\/\/regioncinema.com\/en\/wp-json\/wp\/v2\/pages\/1963\/revisions"}],"predecessor-version":[{"id":2044,"href":"https:\/\/regioncinema.com\/en\/wp-json\/wp\/v2\/pages\/1963\/revisions\/2044"}],"wp:attachment":[{"href":"https:\/\/regioncinema.com\/en\/wp-json\/wp\/v2\/media?parent=1963"}],"curies":[{"name":"wp","href":"https:\/\/api.w.org\/{rel}","templated":true}]}}